{"id":857,"date":"2018-08-30T19:24:35","date_gmt":"2018-08-30T22:24:35","guid":{"rendered":"https:\/\/ies1-juj.infd.edu.ar\/sitio\/calendario-academico-2\/"},"modified":"2020-02-12T16:42:48","modified_gmt":"2020-02-12T19:42:48","slug":"calendario-academico-2","status":"publish","type":"page","link":"https:\/\/ies1-juj.infd.edu.ar\/sitio\/calendario-academico-2\/","title":{"rendered":"Calendario acad\u00e9mico"},"content":{"rendered":"<p>&nbsp;<\/p>\n<p><span style=\"color: #cc6600; font-family: arial; font-size: medium;\"><strong>El contenido de esta p\u00e1gina es s\u00f3lo un ejemplo<\/strong><\/span><\/p>\n<p align=\"center\"><span style=\"font-family: verdana,geneva; font-size: small;\"><strong><img decoding=\"async\" src=\"https:\/\/ies1-juj.infd.edu.ar\/sitio\/wp-content\/uploads\/2018\/08\/almanaque.bmp\" alt=\"Almanaque\" border=\"0\" \/><\/strong><\/span><\/p>\n<p align=\"center\"><span style=\"font-family: verdana,geneva; font-size: small;\"><strong>Calendario acad\u00e9mico 2020<\/strong><\/span><\/p>\n<table style=\"border: #5090b0 1px solid;\" border=\"1\" width=\"60%\" cellspacing=\"0\" cellpadding=\"0\" align=\"center\">\n<tbody>\n<tr align=\"center\" valign=\"middle\">\n<td style=\"width: 45%; height: 20px; background-color: #ddeaf0; border: #5090b0 1px solid;\" align=\"center\" valign=\"middle\"><span style=\"font-size: small;\"><span style=\"font-family: verdana,geneva;\"><span style=\"color: #3e748e;\"><strong>Mesas de ex\u00e1menes<\/strong><\/span><\/span><\/span><\/td>\n<\/tr>\n<tr align=\"center\" valign=\"middle\">\n<td style=\"width: 45%; height: 20px; border: #5090b0 1px solid;\" align=\"center\" valign=\"middle\"><span style=\"font-size: small;\"><span style=\"font-family: verdana,geneva;\">19 de febrero al 12\u00a0 de marzo<\/span> <\/span><\/td>\n<\/tr>\n<tr>\n<td style=\"width: 45%; height: 20px; background-color: #ddeaf0; border: #5090b0 1px solid;\" align=\"center\" valign=\"middle\"><span style=\"font-size: small;\"><span style=\"font-family: verdana,geneva;\"><span style=\"color: #3e748e;\"><strong>Primer cuatrimestre<\/strong><\/span><\/span><\/span><\/td>\n<\/tr>\n<tr>\n<td style=\"width: 45%; height: 20px; border: #5090b0 1px solid;\" align=\"center\" valign=\"middle\"><span style=\"font-family: verdana,geneva; font-size: small;\">\u00a016 de marzo al 14 de julio<\/span><\/td>\n<\/tr>\n<tr>\n<td style=\"width: 45%; height: 20px; background-color: #ddeaf0; border: #5090b0 1px solid;\" align=\"center\" valign=\"middle\"><span style=\"font-size: small;\"><span style=\"font-family: verdana,geneva;\"><span style=\"color: #3e748e;\"><strong>Receso invernal<\/strong><\/span><\/span><\/span><\/td>\n<\/tr>\n<tr>\n<td style=\"width: 45%; height: 20px; border: #5090b0 1px solid;\" align=\"center\" valign=\"middle\"><span style=\"font-family: verdana,geneva; font-size: small;\">20 al 31 de julio\u00a0<\/span><\/td>\n<\/tr>\n<tr>\n<td style=\"width: 45%; height: 20px; background-color: #ddeaf0; border: #5090b0 1px solid;\" align=\"center\" valign=\"middle\"><span style=\"font-size: small;\"><span style=\"font-family: verdana,geneva;\"><span style=\"color: #3e748e;\"><strong>Mesas de ex\u00e1menes<\/strong><\/span><\/span><\/span><\/td>\n<\/tr>\n<tr>\n<td style=\"width: 45%; height: 20px; border: #5090b0 1px solid;\" align=\"center\" valign=\"middle\"><span style=\"font-family: verdana,geneva; font-size: small;\">\u00a003 al 14 de agosto<\/span><\/td>\n<\/tr>\n<tr>\n<td style=\"width: 45%; height: 20px; background-color: #ddeaf0; border: #5090b0 1px solid;\" align=\"center\" valign=\"middle\"><span style=\"font-size: small;\"><span style=\"font-family: verdana,geneva;\"><span style=\"color: #3e748e;\"><strong>Segundo cuatrimestre<\/strong><\/span><\/span><\/span><\/td>\n<\/tr>\n<tr>\n<td style=\"width: 45%; height: 20px; border: #5090b0 1px solid;\" align=\"center\" valign=\"middle\"><span style=\"font-family: verdana,geneva; font-size: small;\">\u00a020 de agosto al 04 de diciembre<\/span><\/td>\n<\/tr>\n<tr>\n<td style=\"width: 45%; height: 20px; background-color: #ddeaf0; border: #5090b0 1px solid;\" align=\"center\" valign=\"middle\"><span style=\"font-size: small;\"><span style=\"font-family: verdana,geneva;\"><span style=\"color: #3e748e;\"><strong>Mesas de ex\u00e1menes<\/strong><\/span><\/span><\/span><\/td>\n<\/tr>\n<tr>\n<td style=\"width: 45%; height: 20px; border: #5090b0 1px solid;\" align=\"center\" valign=\"middle\"><span style=\"font-family: verdana,geneva; font-size: small;\">\u00a009 al 30 de diciembre<\/span><\/td>\n<\/tr>\n<\/tbody>\n<\/table>\n","protected":false},"excerpt":{"rendered":"<p>&nbsp; El contenido de esta p\u00e1gina es s\u00f3lo un ejemplo Calendario acad\u00e9mico 2020 Mesas de ex\u00e1menes 19 de febrero al 12\u00a0 de marzo Primer cuatrimestre \u00a016 de marzo al 14 de julio Receso invernal 20 al 31 de julio\u00a0 Mesas de ex\u00e1menes \u00a003 al 14 de agosto Segundo cuatrimestre \u00a020 de agosto al 04 de &#8230; <a title=\"Calendario acad\u00e9mico\" class=\"read-more\" href=\"https:\/\/ies1-juj.infd.edu.ar\/sitio\/calendario-academico-2\/\" aria-label=\"More on Calendario acad\u00e9mico\">[+]<\/a><\/p>\n","protected":false},"author":99,"featured_media":0,"parent":0,"menu_order":0,"comment_status":"closed","ping_status":"closed","template":"","meta":[],"acf":[],"_links":{"self":[{"href":"https:\/\/ies1-juj.infd.edu.ar\/sitio\/wp-json\/wp\/v2\/pages\/857"}],"collection":[{"href":"https:\/\/ies1-juj.infd.edu.ar\/sitio\/wp-json\/wp\/v2\/pages"}],"about":[{"href":"https:\/\/ies1-juj.infd.edu.ar\/sitio\/wp-json\/wp\/v2\/types\/page"}],"author":[{"embeddable":true,"href":"https:\/\/ies1-juj.infd.edu.ar\/sitio\/wp-json\/wp\/v2\/users\/99"}],"replies":[{"embeddable":true,"href":"https:\/\/ies1-juj.infd.edu.ar\/sitio\/wp-json\/wp\/v2\/comments?post=857"}],"version-history":[{"count":2,"href":"https:\/\/ies1-juj.infd.edu.ar\/sitio\/wp-json\/wp\/v2\/pages\/857\/revisions"}],"predecessor-version":[{"id":890,"href":"https:\/\/ies1-juj.infd.edu.ar\/sitio\/wp-json\/wp\/v2\/pages\/857\/revisions\/890"}],"wp:attachment":[{"href":"https:\/\/ies1-juj.infd.edu.ar\/sitio\/wp-json\/wp\/v2\/media?parent=857"}],"curies":[{"name":"wp","href":"https:\/\/api.w.org\/{rel}","templated":true}]}}