{"id":853,"date":"2018-08-30T19:24:33","date_gmt":"2018-08-30T22:24:33","guid":{"rendered":"https:\/\/ies1-juj.infd.edu.ar\/sitio\/calendario-academico\/"},"modified":"2020-06-17T16:09:25","modified_gmt":"2020-06-17T19:09:25","slug":"calendario-academico","status":"publish","type":"page","link":"https:\/\/ies1-juj.infd.edu.ar\/sitio\/calendario-academico\/","title":{"rendered":"Calendario Acad\u00e9mico"},"content":{"rendered":"<p>&nbsp;<\/p>\n<p>&nbsp;<\/p>\n<p align=\"center\"><span style=\"font-size: 10pt; font-family: verdana,geneva;\"><strong><img decoding=\"async\" src=\"https:\/\/ies1-juj.infd.edu.ar\/sitio\/wp-content\/uploads\/2018\/08\/almanaque.bmp\" alt=\"Almanaque\" border=\"0\" \/><\/strong><\/span><\/p>\n<p align=\"center\"><span style=\"font-size: 10pt; font-family: verdana,geneva;\"><strong>Calendario acad\u00e9mico 2020<\/strong><\/span><\/p>\n<table style=\"border: #5090b0 1px solid;\" border=\"1\" width=\"60%\" cellspacing=\"0\" cellpadding=\"0\" align=\"center\">\n<tbody>\n<tr align=\"center\" valign=\"middle\">\n<td style=\"width: 45%; height: 20px; background-color: #ddeaf0; border: #5090b0 1px solid;\" align=\"center\" valign=\"middle\"><span style=\"font-size: 10pt;\"><span style=\"font-family: verdana,geneva;\"><span style=\"color: #3e748e;\"><strong>Mesas de ex\u00e1menes<\/strong><\/span><\/span><\/span><\/td>\n<\/tr>\n<tr align=\"center\" valign=\"middle\">\n<td style=\"width: 45%; height: 20px; border: #5090b0 1px solid;\" align=\"center\" valign=\"middle\"><span style=\"font-size: 10pt;\">Mesa Extraordinarias del 22 al 24 de junio &#8211; Mesas Ordinarias del 29 de junio al 13 de julio\u00a0<\/span><\/td>\n<\/tr>\n<tr>\n<td style=\"width: 45%; height: 20px; background-color: #ddeaf0; border: #5090b0 1px solid;\" align=\"center\" valign=\"middle\"><span style=\"font-size: 10pt;\"><span style=\"font-family: verdana,geneva;\"><span style=\"color: #3e748e;\"><strong>\u00a0mesas mes de julio<\/strong><\/span><\/span><\/span><\/td>\n<\/tr>\n<tr>\n<td style=\"width: 45%; height: 20px; border: #5090b0 1px solid;\" align=\"center\" valign=\"middle\"><span style=\"font-size: 10pt; font-family: verdana,geneva;\">Mesas sujetas a reprogramaci\u00f3n por la suspensi\u00f3n de actividades presenciales por covid-19<\/span><\/td>\n<\/tr>\n<tr>\n<td style=\"width: 45%; height: 20px; background-color: #ddeaf0; border: #5090b0 1px solid;\" align=\"center\" valign=\"middle\"><span style=\"font-size: 10pt;\"><span style=\"font-family: verdana,geneva;\"><span style=\"color: #3e748e;\"><strong>Receso invernal<\/strong><\/span><\/span><\/span><\/td>\n<\/tr>\n<tr>\n<td style=\"width: 45%; height: 20px; border: #5090b0 1px solid;\" align=\"center\" valign=\"middle\"><\/td>\n<\/tr>\n<tr>\n<td style=\"width: 45%; height: 20px; background-color: #ddeaf0; border: #5090b0 1px solid;\" align=\"center\" valign=\"middle\"><span style=\"font-size: 10pt;\"><span style=\"font-family: verdana,geneva;\"><span style=\"color: #3e748e;\"><strong>Mesas de ex\u00e1menes<\/strong><\/span><\/span><\/span><\/td>\n<\/tr>\n<tr>\n<td style=\"width: 45%; height: 20px; border: #5090b0 1px solid;\" align=\"center\" valign=\"middle\"><span style=\"font-size: 10pt; font-family: verdana,geneva;\">\u00a0<\/span><\/td>\n<\/tr>\n<tr>\n<td style=\"width: 45%; height: 20px; background-color: #ddeaf0; border: #5090b0 1px solid;\" align=\"center\" valign=\"middle\"><span style=\"font-size: 10pt;\"><span style=\"font-family: verdana,geneva;\"><span style=\"color: #3e748e;\"><strong>Segundo cuatrimestre<\/strong><\/span><\/span><\/span><\/td>\n<\/tr>\n<tr>\n<td style=\"width: 45%; height: 20px; border: #5090b0 1px solid;\" align=\"center\" valign=\"middle\"><span style=\"font-size: 10pt; font-family: verdana,geneva;\">\u00a0<\/span><\/td>\n<\/tr>\n<tr>\n<td style=\"width: 45%; height: 20px; background-color: #ddeaf0; border: #5090b0 1px solid;\" align=\"center\" valign=\"middle\"><span style=\"font-size: 10pt;\"><span style=\"font-family: verdana,geneva;\"><span style=\"color: #3e748e;\"><strong>Mesas de ex\u00e1menes<\/strong><\/span><\/span><\/span><\/td>\n<\/tr>\n<tr>\n<td style=\"width: 45%; height: 20px; border: #5090b0 1px solid;\" align=\"center\" valign=\"middle\"><span style=\"font-size: 10pt; font-family: verdana,geneva;\">\u00a0<\/span><\/td>\n<\/tr>\n<\/tbody>\n<\/table>\n","protected":false},"excerpt":{"rendered":"<p>&nbsp; &nbsp; Calendario acad\u00e9mico 2020 Mesas de ex\u00e1menes Mesa Extraordinarias del 22 al 24 de junio &#8211; Mesas Ordinarias del 29 de junio al 13 de julio\u00a0 \u00a0mesas mes de julio Mesas sujetas a reprogramaci\u00f3n por la suspensi\u00f3n de actividades presenciales por covid-19 Receso invernal Mesas de ex\u00e1menes \u00a0 Segundo cuatrimestre \u00a0 Mesas de ex\u00e1menes &#8230; <a title=\"Calendario Acad\u00e9mico\" class=\"read-more\" href=\"https:\/\/ies1-juj.infd.edu.ar\/sitio\/calendario-academico\/\" aria-label=\"More on Calendario Acad\u00e9mico\">[+]<\/a><\/p>\n","protected":false},"author":99,"featured_media":0,"parent":0,"menu_order":0,"comment_status":"closed","ping_status":"closed","template":"","meta":[],"acf":[],"_links":{"self":[{"href":"https:\/\/ies1-juj.infd.edu.ar\/sitio\/wp-json\/wp\/v2\/pages\/853"}],"collection":[{"href":"https:\/\/ies1-juj.infd.edu.ar\/sitio\/wp-json\/wp\/v2\/pages"}],"about":[{"href":"https:\/\/ies1-juj.infd.edu.ar\/sitio\/wp-json\/wp\/v2\/types\/page"}],"author":[{"embeddable":true,"href":"https:\/\/ies1-juj.infd.edu.ar\/sitio\/wp-json\/wp\/v2\/users\/99"}],"replies":[{"embeddable":true,"href":"https:\/\/ies1-juj.infd.edu.ar\/sitio\/wp-json\/wp\/v2\/comments?post=853"}],"version-history":[{"count":2,"href":"https:\/\/ies1-juj.infd.edu.ar\/sitio\/wp-json\/wp\/v2\/pages\/853\/revisions"}],"predecessor-version":[{"id":1093,"href":"https:\/\/ies1-juj.infd.edu.ar\/sitio\/wp-json\/wp\/v2\/pages\/853\/revisions\/1093"}],"wp:attachment":[{"href":"https:\/\/ies1-juj.infd.edu.ar\/sitio\/wp-json\/wp\/v2\/media?parent=853"}],"curies":[{"name":"wp","href":"https:\/\/api.w.org\/{rel}","templated":true}]}}