{"id":851,"date":"2018-08-30T19:24:33","date_gmt":"2018-08-30T22:24:33","guid":{"rendered":"https:\/\/ies1-juj.infd.edu.ar\/sitio\/historia\/"},"modified":"2025-11-28T02:08:40","modified_gmt":"2025-11-28T05:08:40","slug":"historia","status":"publish","type":"page","link":"https:\/\/ies1-juj.infd.edu.ar\/sitio\/historia\/","title":{"rendered":"Historia"},"content":{"rendered":"<h2><strong>Rese\u00f1a Hist\u00f3rica del Instituto de Educaci\u00f3n Superior N\u00b0 1.<\/strong><\/h2>\n<p>Su oferta educativa contempla dos modalidades de Educaci\u00f3n Superior: Formaci\u00f3n Docente y Formaci\u00f3n\u00a0 T\u00e9cnica.<\/p>\n<p>Tiene entre sus prop\u00f3sitos fundamentales:<\/p>\n<ul>\n<li>Brindar la formaci\u00f3n docente inicial mediante el desarrollo de las capacidades y conocimientos necesarios para el ejercicio de la docencia en todos los ciclos, modalidades y niveles del sistema educativo argentino, desarrollar programas de extensi\u00f3n, de investigaci\u00f3n y de innovaci\u00f3n educativa, para brindar asistencia t\u00e9cnico-pedag\u00f3gica a escuelas e instituciones educativas de la regi\u00f3n.<\/li>\n<li>En la Formaci\u00f3n t\u00e9cnica busca formar profesionales t\u00e9cnicos de Nivel Superior en \u00e1reas ocupacionales espec\u00edficas, con las capacidades y competencias requeridas en los \u00e1mbitos productivos locales de la regi\u00f3n y del pa\u00eds, a trav\u00e9s de procesos de capacitaci\u00f3n sistem\u00e1ticos.<\/li>\n<\/ul>\n<p><strong>SEDE LA QUIACA<\/strong><\/p>\n<p>Fue creado por el Ministerio de Educaci\u00f3n de la Naci\u00f3n el 22 de mayo del a\u00f1o 1975, bajo dependencia de la Escuela Normal Superior Mixta \u201cGendarmer\u00eda Nacional\u201d con la carrera del Profesorado para la Ense\u00f1anza Primaria del cual egresaron generaciones de Maestros. En 1979 fue transferido a la jurisdicci\u00f3n provincial de Jujuy.<\/p>\n<p>En el a\u00f1o 1989, merced al incremento de alumnos, se produce la creaci\u00f3n de una segunda divisi\u00f3n para el primer a\u00f1o de dicho Profesorado, aconteciendo lo mismo en el a\u00f1o 1990 con el segundo a\u00f1o, lo cual corrobora la necesidad de brindar a los j\u00f3venes egresados del Nivel Medio una Carrera del Nivel Terciario con mayores perspectivas laborales. Con la denominaci\u00f3n IFD 1 (Instituto de Formaci\u00f3n Docente N\u00ba 1)<\/p>\n<p>Como parte integrante del Departamento de Formaci\u00f3n Docente, en el a\u00f1o 1989 comenz\u00f3 a funcionar el M.E.B. \u201cMagisterio de Ense\u00f1anza B\u00e1sica\u201d, a cuyo primer a\u00f1o pod\u00edan asistir alumnos en condiciones de ingresar al cuarto a\u00f1o del nivel medio. Egresaron tres promociones de j\u00f3venes docentes.<\/p>\n<p>En 1991 se implementa el Profesorado de Ciencias de la Educaci\u00f3n y Psicolog\u00eda, que funciona hasta 1997.<\/p>\n<p>Entre los a\u00f1o 1998- 1999, con la Regencia de la Profesora Norma Alfaro, se abren las carreras del Profesorado de Lengua y Literatura, Profesorado de Matem\u00e1tica y Profesorado de Educaci\u00f3n F\u00edsica.<\/p>\n<p>Con el Decreto N\u00b0 207-G- 04- se incorpora la Delegaci\u00f3n La Quiaca del Ex Instituto Superior \u00abRa\u00fal Scalabrini Ortiz\u00bb fundada en 1983, la que a pesar de haber contado con distintos profesorados al momento de iniciarse el proceso transformador del Nivel s\u00f3lo ofrec\u00eda carreras t\u00e9cnicas, motivo por el que la Jurisdicci\u00f3n Provincial no lo incluy\u00f3 en el Reordenamiento.<\/p>\n<p>En el a\u00f1o 2003, por Decreto Provincial N\u00b0 7320-G-03, se implementa una nueva forma de Gobierno de los Institutos de Formaci\u00f3n Docente, siendo electa como Rectora a trav\u00e9s de Elecciones Democr\u00e1ticas,\u00a0 la Profesora Silvia Estela Carretta. Se produce la fusi\u00f3n con el Instituto Raul Scalabrini Ortiz.El Consejo de Departamento est\u00e1 formado por el Dpto. de Investigaci\u00f3n, el Dpto. de Capacitaci\u00f3n y el Dpto. de Formaci\u00f3n Inicial. El Consejo Directivo est\u00e1 constituido por Consejeros Docentes, No Docentes y Alumnos Regulares y Egresados. Con la denominaci\u00f3n IES N\u00ba1 (Instituto de Educaci\u00f3n Superior N\u00ba 1)<\/p>\n<p>Se implementan carreras de Formaci\u00f3n T\u00e9cnica:\u00a0 las Tecnicaturas de Inform\u00e1tica, Sanidad Animal y Tecnicatura Superior Manufacturera. Con la denominaci\u00f3n IFDCyT (Instituto de Formaci\u00f3n Docente y T\u00e9cnica N\u00ba 1)<\/p>\n<p>En el a\u00f1o 2006 se crea el Profesorado de Ingl\u00e9s. En 2015 se reabre el Profesorado para la Educaci\u00f3n Primaria.<\/p>\n<p>En 2018 asume como Rector el Profesor Mario Fidel Tolaba, se inicia una etapa de reorganizaci\u00f3n del Nivel Superior. Se habilita una cohorte del Profesorado de Educaci\u00f3n Especial con orientaci\u00f3n en Discapacidad Intelectual. En 2020 con reconversi\u00f3n de carreras comienza a funcionar el Profesorado en Biolog\u00eda, conjuntamente con los profesorados de Educaci\u00f3n Primaria Orientaci\u00f3n en Educaci\u00f3n Rural, Profesorado de Educaci\u00f3n F\u00edsica, Profesorado de Educaci\u00f3n Secundaria en Matem\u00e1tica, Profesorado de Ingl\u00e9s.\u00a0 Se produce la creaci\u00f3n de una tercera tecnicatura: Tecnicatura Superior en Higiene y Seguridad en el Trabajo, se diversifican las carreras orientadas a Salud: Tecnicatura en Acompa\u00f1amiento Terap\u00e9utico, Tecnicatura Superior en Asistente Odontol\u00f3gico y Promotor de la Salud Bucodental; se cursan la Tecnicatura Superior en Comercio Internacional y Gesti\u00f3n Aduanera; Tecnicatura Superior en Cocinas Regionales y Cultura Alimentaria, Tecnicatura Superior en Entrenamiento Deportivo. La matr\u00edcula de estudiantes se incrementa de 463 a m\u00e1s de 850 alumnos, solamente en sede La Quiaca, superando los 1500 estudiantes en total entre ambas sedes.<\/p>\n<p>El 18 de de Agosto del a\u00f1o 2023, bajo la gesti\u00f3n del Rector Mario Fidel Tolaba,\u00a0 se inaugura el Edifico Propio constru\u00eddo con fondos de PROMACE del Gobierno de la provincia de Jujuy, con la Gesti\u00f3n del CPN Gerardo Morales. Edificio ubicado en calle Dolores de Arrieguez esquina Oratorio del Barrio Jerusal\u00e9n. Pasa a funcionar en tres turnos: ma\u00f1ana, tarde y noche.<\/p>\n<p>En la actualidad es Rector de esta Casa de Altos Estudios, de la Localizaci\u00f3n Abra Pampa-La Quiaca, el Profesor Mario Fidel Tolaba y sus Vice-Rectores Prof. Sim\u00f3n Carrillo y Prof. Francisca Liquitay.<\/p>\n<p>Historial de Directivos que condujeron los destinos de la sede La Quiaca:<\/p>\n<ul>\n<li>1975 a 1994: Profesora Luisa Carretero de Mendivil, Vicerrectora designada a cargo del Departamento de Formaci\u00f3n Docente de la Escuela Normal Mixta Superior \u00abGendarmeri\u00e1 Nacional\u00bb, cuya Rectora fue la Profesora Hilda Aucapi\u00f1a de Tolaba.<\/li>\n<li>1991 a 2004: Profesora Graciela del Valle Galv\u00e1n, regente designada del Departamento de Formaci\u00f3n Docente.<\/li>\n<li>1994: Profesora Lilia C\u00faneo de Nahum, Vicerrectora designada a cargo del Departamento de Formaci\u00f3n Docente<\/li>\n<li>1995 a 2004: Profesora Norma Alfaro de Maman\u00ed, Vicerrectora Designada a cargo del Departamento de Formaci\u00f3n Docente.<\/li>\n<li>2004 a 2012: Profesora Silvia Estela Carretta, Rectora electa seg\u00fan Decreto 7320-G-03, del Instituto de Formaci\u00f3n Docente y Cont\u00ednua N\u00b0 1. Profesora Mercedes Pe\u00f1aloza, Vicerrectora electa a cargo de sede La Quiaca. Profesor Ra\u00fal Benito Pi\u00f1ero, Vicerrector electo a cargo de sede Abra Pampa.<\/li>\n<li>2012 a 2016: Profesora Mercedes Hortensia Pe\u00f1aloza, Rectora electa del Instituto de Educaci\u00f3n Superior N\u00b0 1; Profesor Carlos Alberto Campos, Vicerrector electo a cargo de sede La Quiaca; Profesor Ren\u00e9 Bejarano, Vicerrector electo a cargo de sede Abra Pampa.<\/li>\n<li>2016 a 2018: Profesor Ra\u00fal Benito Pi\u00f1ero, Rectopr electo del IES N\u00b0 1; Profesor Mario Fidel Tolaba, Vicerrector electo a cargo de sede La Quiaca; Profesor Isidro Maman\u00ed, Vicerrector electo a cargo de sede Abra Pampa.<\/li>\n<li>2018 a 2022: Profesor Mario Fidel Tolaba, Rector del IES N\u00b0 1, asume por renuncia del Prof. Pi\u00f1ero. Prof. Silvia Carretta, Vicerrectora electa a cargo de sde La Quiaca.<\/li>\n<li>2022 a 2024: Prof. Mario Fidel Tolaba, Rector electo del IES N\u00b0 1, (2024 se acoge a la jubilaci\u00f3n). Lic Francisca Liquitay, Vicerrectora Electa\u00a0 a cargo de sede La Quiaca.<\/li>\n<li>2024 a 2026: Asume como Rector el Lic. Sim\u00f3n Carrillo.<\/li>\n<\/ul>\n<p>Primeros Docentes que dictaron clases en el Profesorado para la Ense\u00f1anza Primaria entre 1975 y 1976<\/p>\n<ul>\n<li>Srta. Carmen Koehle .\u00a0 Srta Gloria Sarmiento.\u00a0 Sr. Juan Carlos G\u00f3mez. Profesora Ilda Aucapi\u00f1a de Tolaba. Sra. Ang\u00e9lica Sivila Soza de G\u00e1mez. Profesora Norma Alfaro. Sr. Manuel Gonz\u00e1lez. Prof. Luisa Carretero de Mendivil.<\/li>\n<\/ul>\n<p><strong><u>Primeros Egresados Cohorte 1975 &#8211; 1976<\/u><\/strong><\/p>\n<p>-FIRME, DOMINGA -FLORES, PRIMITIVA &#8211;\u00a0-GERONIMO, VIRGINIA &#8211;GUTIERREZ, SIMONA &#8211;PACCI, IRENIA\u00a0-SAMBRANA,\u00a0 IRMA\u00a0-VILLA, MARIA LUC\u00cdA\u00a0-VILLATARCO,\u00a0 EVA CRISTINA\u00a0-YURQUINA, MARIA CRISTINA\u00a0-SOLIS, MARCELINA CLETA\u00a0-GONZALEZ, ELSA FLORIA\u00a0-ARACENA, SUSANA ELVIRA\u00a0-HUANCA ALVIZU, BARBARITA\u00a0-RAMOS, MIRTA GRACIELA\u00a0-RODRIGUEZ, MARTA INES\u00a0-MONTEROS, CLEMENTINA\u00a0-CARRETERO, ALBERTA (con pase de S.S. de jujuy)<\/p>\n<p><strong><u>Cohorte 1976 &#8211; 1977:\u00a0<\/u><\/strong>-BARCONTY, ALBA ROSA\u00a0-CASTILLO, HAYDEE\u00a0-CUBA, ZULMA DEL VALLE\u00a0-FARFAN, LUCAS RAUL\u00a0-LIQUITAY, FELISA\u00a0-SAMBRANA, DANIEL AGUSTIN\u00a0-VALLE, ROSA AIDE\u00a0\u00a0-VILLATARCO, MARIA ARMINDA<\/p>\n<p><strong>SEDE ABRA PAMPA<\/strong><\/p>\n<p style=\"text-align: justify;\">El 7 de mayo del a\u00f1o 1985, por Resoluci\u00f3n Ministerial N\u00b0 1.055\/86 inicia sus actividades el Profesorado Elemental para la Ense\u00f1anza Primaria (PEP) para el cual fue designada como primera Regente la Profesora Lidia Casagrande.<\/p>\n<p style=\"text-align: justify;\">En el a\u00f1o 1989, merced al incremento de alumnos, se produce la creaci\u00f3n de una segunda divisi\u00f3n para el primer a\u00f1o de dicho Profesorado, aconteciendo lo mismo en el a\u00f1o 1990 con el segundo a\u00f1o, lo cual corrobora la necesidad de brindar a los j\u00f3venes egresados del Nivel Medio una Carrera del Nivel Terciario con mayores perspectivas laborales. Con la denominaci\u00f3n IFD 1 (Instituto de Formaci\u00f3n Docente N\u00ba 1)<\/p>\n<p style=\"text-align: justify;\">Como parte integrante del Departamento de Formaci\u00f3n Docente, en el a\u00f1o 1989 comenz\u00f3 a funcionar el M.E.B. \u201cMagisterio de Ense\u00f1anza B\u00e1sica\u201d, a cuyo primer a\u00f1o pod\u00edan asistir alumnos en condiciones de ingresar al cuarto a\u00f1o del nivel medio.<\/p>\n<p style=\"text-align: justify;\">En el a\u00f1o 2000 comenz\u00f3 a funcionar una 1ra. divisi\u00f3n del Profesorado de Educaci\u00f3n Inicial y una 1ra divisi\u00f3n del Profesorado de 1er y 2do Ciclo de la Educaci\u00f3n General B\u00e1sica.<\/p>\n<p style=\"text-align: justify;\">En el a\u00f1o 2004, por Decreto Provincial N\u00b0 7320, se implementa una nueva forma de Gobierno de los Institutos de Formaci\u00f3n Docente, siendo electa como Rectora,\u00a0 a trav\u00e9s de Elecciones Democr\u00e1ticas,\u00a0 la Profesora Silvia Estela Carretta y Vicerrector Ra\u00fal Benito Pi\u00f1ero. Por esta gesti\u00f3n\u00a0 se implementaron los Profesorados de Lengua y Literatura y de Matem\u00e1tica, y las Tecnicaturas de Inform\u00e1tica, Sanidad Animal y Tecnicatura Superior Manufacturera. Con la denominaci\u00f3n IFDCyT (Instituto de Formaci\u00f3n Docente y T\u00e9cnica N\u00ba 1)<\/p>\n<p style=\"text-align: justify;\">Luego transitaron por esta Casa de Altos Estudios, como Rectora\u00a0 la Prof. Mercedes Pe\u00f1aloza y sus Vice-Rectores Prof. Ren\u00e9 Osvaldo Bejarano y Prof. Carlos Alberto Campos. Se implement\u00f3 la Tecnicatura Superior en Miner\u00eda y la Tecnicatura Superior en Gesti\u00f3n Ambiental.<\/p>\n<p style=\"text-align: justify;\">En el a\u00f1o 2016 asume como Rector el Profesor Ra\u00fal Benito Pi\u00f1ero y como Vicerrector a cargo de sede Abra Pampa el Prof. Isidro Maman\u00ed y a cargo de Sede La Quiaca el Prof. Mario Fidel Tolaba. Se implementaron la Tecnicatura Superior en Energ\u00eda Solar, la Tecnicatura en Cooperativismo y Mutualismo, La Tecnicatura Superior en Soporte de Infraestructura de la Tecnolog\u00eda y la Informaci\u00f3n. En el a\u00f1o 2018 asume Rector\u00eda el Prof. Mario Fidel Tolaba. Durante esta gesti\u00f3n se implementa la Tecnicatura Superior en Producci\u00f3n Agropecuaria con Orientaci\u00f3n a los Cultivos Andinos, La Tecnicatura Superior en Energ\u00eda Solar con Orientaci\u00f3n en Sistemas Solares Fotovoltaicos, la Tecnicatura Superior en Agente Sanitario y Promotor de la Salud; se abre el Profesorado en Educaci\u00f3n Tecnol\u00f3gica, el Profesorado de Educaci\u00f3n Especial con Orientaci\u00f3n en Sordos e Hipoac\u00fasicos,\u00a0 Profesorado de Educaci\u00f3n Secundaria en Sociolog\u00eda\u00a0 como producto de un plan de reconversi\u00f3n de carreras, ampli\u00e1ndose la oferta acad\u00e9mica para los j\u00f3venes de la Regi\u00f3n con una diversidad de carreras.<\/p>\n","protected":false},"excerpt":{"rendered":"<p>Rese\u00f1a Hist\u00f3rica del Instituto de Educaci\u00f3n Superior N\u00b0 1. Su oferta educativa contempla dos modalidades de Educaci\u00f3n Superior: Formaci\u00f3n Docente y Formaci\u00f3n\u00a0 T\u00e9cnica. Tiene entre sus prop\u00f3sitos fundamentales: Brindar la formaci\u00f3n docente inicial mediante el desarrollo de las capacidades y conocimientos necesarios para el ejercicio de la docencia en todos los ciclos, modalidades y niveles &#8230; <a title=\"Historia\" class=\"read-more\" href=\"https:\/\/ies1-juj.infd.edu.ar\/sitio\/historia\/\" aria-label=\"More on Historia\">[+]<\/a><\/p>\n","protected":false},"author":99,"featured_media":0,"parent":0,"menu_order":0,"comment_status":"closed","ping_status":"closed","template":"","meta":[],"acf":[],"_links":{"self":[{"href":"https:\/\/ies1-juj.infd.edu.ar\/sitio\/wp-json\/wp\/v2\/pages\/851"}],"collection":[{"href":"https:\/\/ies1-juj.infd.edu.ar\/sitio\/wp-json\/wp\/v2\/pages"}],"about":[{"href":"https:\/\/ies1-juj.infd.edu.ar\/sitio\/wp-json\/wp\/v2\/types\/page"}],"author":[{"embeddable":true,"href":"https:\/\/ies1-juj.infd.edu.ar\/sitio\/wp-json\/wp\/v2\/users\/99"}],"replies":[{"embeddable":true,"href":"https:\/\/ies1-juj.infd.edu.ar\/sitio\/wp-json\/wp\/v2\/comments?post=851"}],"version-history":[{"count":3,"href":"https:\/\/ies1-juj.infd.edu.ar\/sitio\/wp-json\/wp\/v2\/pages\/851\/revisions"}],"predecessor-version":[{"id":1490,"href":"https:\/\/ies1-juj.infd.edu.ar\/sitio\/wp-json\/wp\/v2\/pages\/851\/revisions\/1490"}],"wp:attachment":[{"href":"https:\/\/ies1-juj.infd.edu.ar\/sitio\/wp-json\/wp\/v2\/media?parent=851"}],"curies":[{"name":"wp","href":"https:\/\/api.w.org\/{rel}","templated":true}]}}