{"id":843,"date":"2018-08-30T19:24:30","date_gmt":"2018-08-30T22:24:30","guid":{"rendered":"https:\/\/ies1-juj.infd.edu.ar\/sitio\/plan-de-estudios-2015\/"},"modified":"2020-06-17T14:39:55","modified_gmt":"2020-06-17T17:39:55","slug":"plan-de-estudios-2015","status":"publish","type":"page","link":"https:\/\/ies1-juj.infd.edu.ar\/sitio\/plan-de-estudios-2015\/","title":{"rendered":"Plan de estudios 2020"},"content":{"rendered":"<h2 style=\"text-align: center;\">PLANES DE ESTUDIO 2020<\/h2>\n<p>SEDE\u00a0 LA\u00a0 QUIACA:<\/p>\n<p>1- Profesorado de Educaci\u00f3n Secundaria en Matem\u00e1tica\u00a0<a href=\"https:\/\/ies1-juj.infd.edu.ar\/sitio\/wp-content\/uploads\/2020\/04\/13957-MATEMATICA-SEC-607x1000.jpg\">Estructura curricular<\/a><\/p>\n<p>2- Profesorado de Educaci\u00f3n Secundaria en Biolog\u00eda\u00a0<a href=\"https:\/\/ies1-juj.infd.edu.ar\/sitio\/wp-content\/uploads\/2020\/04\/13948-BIOLOGIA-607x1000.jpg\">Estructura Curricular<\/a><\/p>\n<p>3- Profesorado de Educaci\u00f3n F\u00edsica\u00a0<a href=\"https:\/\/ies1-juj.infd.edu.ar\/sitio\/wp-content\/uploads\/2020\/04\/Educaci%C3%B3n-F%C3%ADsica.docx\">Estructura curricular<\/a><\/p>\n<p>4- Profesorado de Educaci\u00f3n Primaria con Orientaci\u00f3n en\u00a0<a href=\"https:\/\/ies1-juj.infd.edu.ar\/sitio\/wp-content\/uploads\/2020\/04\/o-en-Ed-Rural.pdf\">Educaci\u00f3n Rural<\/a><\/p>\n<p>5- Profesorado de Ingl\u00e9s\u00a0<a href=\"https:\/\/ies1-juj.infd.edu.ar\/sitio\/wp-content\/uploads\/2020\/04\/13942-INGLES-607x1000.jpg\">Estructura Curricular<\/a><\/p>\n<p>6- Tecnicatura Superior en Comercio Internacional y Gesti\u00f3n Aduanera<\/p>\n<p>7- Tecnicatura Superior en Gesti\u00f3n y Producci\u00f3n de Servicios Gastron\u00f3micos<\/p>\n<p>8- Tecnicatura Superior en Entrenamiento Deportivo<\/p>\n<p>&nbsp;<\/p>\n<p>SEDE ABRA PAMPA:<\/p>\n<p>1- Profesorado de Educaci\u00f3n Secundaria en Lengua y Literatura\u00a0<a href=\"https:\/\/ies1-juj.infd.edu.ar\/sitio\/wp-content\/uploads\/2020\/04\/13959-LENGUA-Y-LIT-SEC-607x1000.jpg\">Estructura curricular<\/a><\/p>\n<p>2- Profesorado de Educaci\u00f3n Tecnol\u00f3gica\u00a0<a href=\"https:\/\/ies1-juj.infd.edu.ar\/sitio\/wp-content\/uploads\/2020\/04\/13960-E-TECNOLOGICA-607x1000.jpg\">Estructura curricular<\/a><\/p>\n<p>3- Profesorado de Educaci\u00f3n Especial con Orientaci\u00f3n en Sordos e Hipoac\u00fasicos\u00a0<a href=\"https:\/\/ies1-juj.infd.edu.ar\/sitio\/wp-content\/uploads\/2020\/04\/Est.-Educaci%C3%B3n-Especial-con-Orientaci%C3%B3n-en-Sordos-e-Hipoac%C3%BAsicos.pdf\">Estructura curricular<\/a><\/p>\n<p>4- Profesorado de Educaci\u00f3n Secundaria en\u00a0<a href=\"https:\/\/ies1-juj.infd.edu.ar\/sitio\/wp-content\/uploads\/2020\/04\/13973-SOCIOLOGIA-607x1000.jpg\">Sociolog\u00eda<\/a><\/p>\n<p>5- Tecnicatura Superior en Energ\u00eda Solar con Orientaci\u00f3n en Mantenimiento en Sistemas Fotovoltaicos<\/p>\n<p>6- Tecnicatura Superior en Soporte de Infraestructura de Tecnolog\u00eda de la Informaci\u00f3n<\/p>\n<p>7- Tecnicatura Superior en Agente Sanitario y Promotor de la Salud<\/p>\n","protected":false},"excerpt":{"rendered":"<p>PLANES DE ESTUDIO 2020 SEDE\u00a0 LA\u00a0 QUIACA: 1- Profesorado de Educaci\u00f3n Secundaria en Matem\u00e1tica\u00a0Estructura curricular 2- Profesorado de Educaci\u00f3n Secundaria en Biolog\u00eda\u00a0Estructura Curricular 3- Profesorado de Educaci\u00f3n F\u00edsica\u00a0Estructura curricular 4- Profesorado de Educaci\u00f3n Primaria con Orientaci\u00f3n en\u00a0Educaci\u00f3n Rural 5- Profesorado de Ingl\u00e9s\u00a0Estructura Curricular 6- Tecnicatura Superior en Comercio Internacional y Gesti\u00f3n Aduanera 7- Tecnicatura Superior &#8230; <a title=\"Plan de estudios 2020\" class=\"read-more\" href=\"https:\/\/ies1-juj.infd.edu.ar\/sitio\/plan-de-estudios-2015\/\" aria-label=\"More on Plan de estudios 2020\">[+]<\/a><\/p>\n","protected":false},"author":99,"featured_media":0,"parent":0,"menu_order":0,"comment_status":"closed","ping_status":"closed","template":"","meta":[],"acf":[],"_links":{"self":[{"href":"https:\/\/ies1-juj.infd.edu.ar\/sitio\/wp-json\/wp\/v2\/pages\/843"}],"collection":[{"href":"https:\/\/ies1-juj.infd.edu.ar\/sitio\/wp-json\/wp\/v2\/pages"}],"about":[{"href":"https:\/\/ies1-juj.infd.edu.ar\/sitio\/wp-json\/wp\/v2\/types\/page"}],"author":[{"embeddable":true,"href":"https:\/\/ies1-juj.infd.edu.ar\/sitio\/wp-json\/wp\/v2\/users\/99"}],"replies":[{"embeddable":true,"href":"https:\/\/ies1-juj.infd.edu.ar\/sitio\/wp-json\/wp\/v2\/comments?post=843"}],"version-history":[{"count":3,"href":"https:\/\/ies1-juj.infd.edu.ar\/sitio\/wp-json\/wp\/v2\/pages\/843\/revisions"}],"predecessor-version":[{"id":1091,"href":"https:\/\/ies1-juj.infd.edu.ar\/sitio\/wp-json\/wp\/v2\/pages\/843\/revisions\/1091"}],"wp:attachment":[{"href":"https:\/\/ies1-juj.infd.edu.ar\/sitio\/wp-json\/wp\/v2\/media?parent=843"}],"curies":[{"name":"wp","href":"https:\/\/api.w.org\/{rel}","templated":true}]}}