{"id":822,"date":"2018-08-30T19:24:27","date_gmt":"2018-08-30T22:24:27","guid":{"rendered":"https:\/\/ies1-juj.infd.edu.ar\/sitio\/mesas-de-examenes-finales-febrero-marzo-2018\/"},"modified":"2021-04-17T22:50:55","modified_gmt":"2021-04-18T01:50:55","slug":"mesas-de-examenes-finales-febrero-marzo-2020","status":"publish","type":"page","link":"https:\/\/ies1-juj.infd.edu.ar\/sitio\/mesas-de-examenes-finales-febrero-marzo-2020\/","title":{"rendered":"Mesas de ex\u00e1menes finales"},"content":{"rendered":"<p><span style=\"color: #008000;\"><strong>CALENDARIO DE EXAMENES 2021<\/strong><\/span><\/p>\n<p><strong><u>Organizaci\u00f3n de cuatrimestres<\/u><\/strong><\/p>\n<table>\n<tbody>\n<tr>\n<td width=\"283\">Cuatrimestre<\/td>\n<td width=\"283\">Desde \u2013 hasta<\/td>\n<\/tr>\n<tr>\n<td width=\"283\">1er Cuatrimestre<\/td>\n<td width=\"283\">5 de abril al 16 de julio 2021<\/td>\n<\/tr>\n<tr>\n<td width=\"283\">2do Cuatrimestre<\/td>\n<td width=\"283\">9 de agosto al 3 de diciembre de 2021<\/td>\n<\/tr>\n<\/tbody>\n<\/table>\n<p>&nbsp;<\/p>\n<p><strong><u>Turnos de ex\u00e1menes<\/u><\/strong><\/p>\n<table width=\"0\">\n<tbody>\n<tr>\n<td width=\"170\"><strong>Turno \/ Tipo de mesa<\/strong><\/td>\n<td width=\"189\"><strong>Fechas Periodo 2021<\/strong><\/td>\n<td width=\"227\"><strong>Observaciones<\/strong><\/td>\n<\/tr>\n<tr>\n<td width=\"170\">Mesas ordinarias turno febrero &#8211; \u00a0marzo (2 llamados)<\/td>\n<td width=\"189\">01 al 23 de marzo de 2021<\/td>\n<td width=\"227\">Se rinden todos los espacios de carreras docentes y t\u00e9cnicas.<\/td>\n<\/tr>\n<tr>\n<td width=\"170\"><strong>Mesas extraordinarias de abril<\/strong><\/p>\n<p>&nbsp;<\/td>\n<td width=\"189\"><strong>26 al 30 de abril<\/strong><\/p>\n<p>(<em>un llamado sin suspensi\u00f3n de actividades<\/em>)<\/td>\n<td width=\"227\">Resol 811-E-20 Se rinden materias de primero y segundo a\u00f1o del Plan 2015 \u2013 2019. Materias finalizadas el 30 de marzo de 2021, corresponde turno diciembre. Espacios solicitados por \u00faltima materia.<\/td>\n<\/tr>\n<tr>\n<td width=\"170\"><strong>Mesas ordinarias de mayo <\/strong><\/p>\n<p>&nbsp;<\/td>\n<td width=\"189\"><strong>17 al 21 de mayo <\/strong><\/p>\n<p>(<em>un llamado sin suspensi\u00f3n de actividades<\/em>)<\/p>\n<p>&nbsp;<\/td>\n<td width=\"227\">Se rinden todos los espacios de carreras docentes y t\u00e9cnicas. (Materias finalizadas el 30 de marzo, corresponde marzo 2021)<\/td>\n<\/tr>\n<tr>\n<td width=\"170\"><strong>Mesas extraordinarias de junio<\/strong><\/p>\n<p>&nbsp;<\/td>\n<td width=\"189\"><strong>21 al 25 de junio de 2021<\/strong><\/p>\n<p>(<em>un llamado sin suspensi\u00f3n de actividades<\/em>)<\/td>\n<td width=\"227\">Rinden alumnos comprendidos en Resol. 811-E-20, materias de primero y segundo a\u00f1o Plan 2015 \u2013 2019. Materias finalizadas el 30 de marzo, corresponde turno mayo 2021.<\/td>\n<\/tr>\n<tr>\n<td width=\"170\"><strong>Mesas ordinarias \u00a0turno julio- agosto<\/strong><\/td>\n<td width=\"189\"><strong>02 al 13 de agosto de 2021<\/strong><\/p>\n<p>(<em>un llamado con suspensi\u00f3n de actividades<\/em>)<\/td>\n<td width=\"227\">Se rinden todos los espacios de carreras docentes y t\u00e9cnicas.<\/td>\n<\/tr>\n<tr>\n<td width=\"170\"><strong>Mesas ordinarias turno septiembre<\/strong><\/td>\n<td width=\"189\"><strong>06 al 10 de septiembre<\/strong><\/p>\n<p>(<em>un llamado sin suspensi\u00f3n de actividades<\/em>)<\/td>\n<td width=\"227\">Se rinden todos los espacios de carreras docentes y t\u00e9cnicas.<\/td>\n<\/tr>\n<tr>\n<td width=\"170\"><strong>Mesas ordinarias turno diciembre<\/strong><\/td>\n<td width=\"189\"><strong>06 al 30 de diciembre <\/strong><\/p>\n<p>(<em>dos llamados con suspensi\u00f3n de actividades<\/em>)<\/td>\n<td width=\"227\">Se rinden todos los espacios de carreras docentes y t\u00e9cnicas.<\/td>\n<\/tr>\n<\/tbody>\n<\/table>\n<p>*Las inscripciones a mesas de ex\u00e1menes se realizar\u00e1n de modo virtual hasta 7 d\u00edas anteriores al inicio de las mesas examinadoras.<\/p>\n<p>*Los ex\u00e1menes se realizar\u00e1n de modo virtual o presencial seg\u00fan el contexto de emergencia sanitaria y del requerimiento de cada unidad curricular.<\/p>\n<p>&#8211; 12 al 16 de julio: Cierre de Evaluaciones\u00a0 correspondientes al primer cuatrimestre incluyendo trabajos integradores, \u00a0coloquios y promociones.<\/p>\n<p>&#8211; 24 al 30 de noviembre: Cierre de evaluaciones correspondientes al segundo cuatrimestre, incluyendo trabajos integradores finales, coloquios y promociones.<\/p>\n<p>&nbsp;<\/p>\n<p>&nbsp;<\/p>\n<p>&nbsp;<\/p>\n<table style=\"width: 543px; height: 205px;\" border=\"0\">\n<tbody>\n<tr>\n<td><strong>Carrera<\/strong><\/td>\n<td><strong>Descargar PDF<\/strong><\/td>\n<\/tr>\n<tr>\n<td>Profesorado de Educaci\u00f3n F\u00edsica<\/td>\n<td><a href=\"https:\/\/ies1-juj.infd.edu.ar\/sitio\/wp-content\/uploads\/2020\/06\/Mesas-de-Examen-Turno-Abril-2020-Educaci\u00f3n-F\u00edsica.pdf\">Mesas de Examen Turno Abril 2020 Educaci\u00f3n F\u00edsica<\/a><\/td>\n<\/tr>\n<tr>\n<td>Profesorado de Lengua y Literatura<\/td>\n<td><a href=\"https:\/\/ies1-juj.infd.edu.ar\/sitio\/wp-content\/uploads\/2020\/06\/Turno-Extraordinario-Junio-2020-Lengua-y-Literatura.pdf\">Turno Extraordinario Junio 2020 Lengua y Literatura<\/a><\/p>\n<p>&nbsp;<\/td>\n<\/tr>\n<tr>\n<td>Profesorado de Ingl\u00e9s<\/td>\n<td><\/td>\n<\/tr>\n<tr>\n<td>Profesorado de Matem\u00e1tica<\/td>\n<td><a href=\"https:\/\/ies1-juj.infd.edu.ar\/sitio\/wp-content\/uploads\/2020\/06\/EX\u00c1MENES-MATEM\u00c1TICA-junio-julio-A\u00d1O-2020-.docx\">EX\u00c1MENES MATEM\u00c1TICA junio- julio A\u00d1O 2020 &#8211;<\/a><\/p>\n<p>&nbsp;<\/td>\n<\/tr>\n<tr>\n<td>Profesorado de Educaci\u00f3n Primaria<\/td>\n<td><a href=\"https:\/\/ies1-juj.infd.edu.ar\/sitio\/wp-content\/uploads\/2020\/06\/Examenes-PEP-junio-JULIO-2020.pdf\">Examenes PEP junio &#8211; JULIO 2020<\/a><\/td>\n<\/tr>\n<tr>\n<td>Espacios Generalistas<\/td>\n<td><a href=\"https:\/\/ies1-juj.infd.edu.ar\/sitio\/wp-content\/uploads\/2020\/06\/EXAMENES-EXTRAORDINARIOS-JUNIO2020-ESPACIOS-GENERALISTAS.docx\">EXAMENES EXTRAORDINARIOS JUNIO2020 ESPACIOS GENERALISTAS<\/a><\/td>\n<\/tr>\n<tr>\n<td>Profesorado de Educaci\u00f3n Especial con Orientaci\u00f3n en Discapacidad Intelectual<\/td>\n<td><\/td>\n<\/tr>\n<tr>\n<td>Tecnicatura Superior en Comercio Internacional y Gesti\u00f3n Aduanera<\/td>\n<td><\/td>\n<\/tr>\n<tr>\n<td>Tenicatura Superior en Entrenamiento Deportivo<\/td>\n<td><\/td>\n<\/tr>\n<tr>\n<td>Tecnicatura Superior en Cooperativismo<\/td>\n<td><\/td>\n<\/tr>\n<\/tbody>\n<\/table>\n","protected":false},"excerpt":{"rendered":"<p>CALENDARIO DE EXAMENES 2021 Organizaci\u00f3n de cuatrimestres Cuatrimestre Desde \u2013 hasta 1er Cuatrimestre 5 de abril al 16 de julio 2021 2do Cuatrimestre 9 de agosto al 3 de diciembre de 2021 &nbsp; Turnos de ex\u00e1menes Turno \/ Tipo de mesa Fechas Periodo 2021 Observaciones Mesas ordinarias turno febrero &#8211; \u00a0marzo (2 llamados) 01 al &#8230; <a title=\"Mesas de ex\u00e1menes finales\" class=\"read-more\" href=\"https:\/\/ies1-juj.infd.edu.ar\/sitio\/mesas-de-examenes-finales-febrero-marzo-2020\/\" aria-label=\"More on Mesas de ex\u00e1menes finales\">[+]<\/a><\/p>\n","protected":false},"author":99,"featured_media":0,"parent":0,"menu_order":0,"comment_status":"closed","ping_status":"closed","template":"","meta":[],"acf":[],"_links":{"self":[{"href":"https:\/\/ies1-juj.infd.edu.ar\/sitio\/wp-json\/wp\/v2\/pages\/822"}],"collection":[{"href":"https:\/\/ies1-juj.infd.edu.ar\/sitio\/wp-json\/wp\/v2\/pages"}],"about":[{"href":"https:\/\/ies1-juj.infd.edu.ar\/sitio\/wp-json\/wp\/v2\/types\/page"}],"author":[{"embeddable":true,"href":"https:\/\/ies1-juj.infd.edu.ar\/sitio\/wp-json\/wp\/v2\/users\/99"}],"replies":[{"embeddable":true,"href":"https:\/\/ies1-juj.infd.edu.ar\/sitio\/wp-json\/wp\/v2\/comments?post=822"}],"version-history":[{"count":6,"href":"https:\/\/ies1-juj.infd.edu.ar\/sitio\/wp-json\/wp\/v2\/pages\/822\/revisions"}],"predecessor-version":[{"id":1218,"href":"https:\/\/ies1-juj.infd.edu.ar\/sitio\/wp-json\/wp\/v2\/pages\/822\/revisions\/1218"}],"wp:attachment":[{"href":"https:\/\/ies1-juj.infd.edu.ar\/sitio\/wp-json\/wp\/v2\/media?parent=822"}],"curies":[{"name":"wp","href":"https:\/\/api.w.org\/{rel}","templated":true}]}}