{"id":820,"date":"2018-08-30T19:24:26","date_gmt":"2018-08-30T22:24:26","guid":{"rendered":"https:\/\/ies1-juj.infd.edu.ar\/sitio\/calendario-academico-2017\/"},"modified":"2024-02-17T13:20:01","modified_gmt":"2024-02-17T16:20:01","slug":"calendario-academico-2020","status":"publish","type":"page","link":"https:\/\/ies1-juj.infd.edu.ar\/sitio\/calendario-academico-2020\/","title":{"rendered":"Calendario acad\u00e9mico 2024"},"content":{"rendered":"<p style=\"text-align: center;\"><span style=\"text-decoration: underline;\"><strong>Calendario Acad\u00e9mico 2024\u00a0 \u00a0<\/strong><\/span><\/p>\n<p>Organizaci\u00f3n de los cuatrimestres<\/p>\n<table border=\"1\" cellspacing=\"0\" cellpadding=\"0\">\n<tbody>\n<tr>\n<td style=\"text-align: center;\" valign=\"top\" width=\"199\">Cuatrimestre<\/td>\n<td style=\"text-align: center;\" valign=\"top\" width=\"200\">Desde-Hasta<\/td>\n<td style=\"text-align: center;\" valign=\"top\" width=\"200\">Cantidad de d\u00edas<\/td>\n<\/tr>\n<tr>\n<td style=\"text-align: center;\" valign=\"top\" width=\"199\">1er. Cuatrimestre<\/td>\n<td style=\"text-align: center;\" valign=\"top\" width=\"200\">05 de abril al 16 de julio<\/td>\n<td style=\"text-align: center;\" valign=\"top\" width=\"200\">71 d\u00edas<\/td>\n<\/tr>\n<tr>\n<td style=\"text-align: center;\" valign=\"top\" width=\"199\">2do. Cuatrimestre<\/td>\n<td style=\"text-align: center;\" valign=\"top\" width=\"200\">09 de agosto al 03 de diciembre<\/td>\n<td style=\"text-align: center;\" valign=\"top\" width=\"200\">79 d\u00edas<\/td>\n<\/tr>\n<\/tbody>\n<\/table>\n<p>MES DE MARZO 2021:<\/p>\n<p>-del 01 al 23: Mesas de ex\u00e1menes ordinarios<\/p>\n<p>&#8211; 15 al 31: Presentaci\u00f3n de solicitudes de equivalencias<\/p>\n<p>-15 al 31: presentaci\u00f3n de solicitudes de adscripciones<\/p>\n<p>-25 al 31: Inscripciones de estudiantes de 1\u00b0 a 4\u00b0 A\u00f1o<\/p>\n<p>&#8211;\u00a0 31 : Primera Jornada Institucional<\/p>\n<p>MES DE ABRIL<\/p>\n<p>&#8211;\u00a0 \u00a0 \u00a0 \u00a0 \u00a005 Inicio del ciclo lectivo, inicio del primer cuatrimestre<\/p>\n<p>&#8211; 26 al 30: Turno de ex\u00e1menes para el cierre del ciclo lectivo 2020, seg\u00fan Resoluci\u00f3n N\u00b0 2298-E-20 sin suspensi\u00f3n de actividades.<\/p>\n<p>MES DE MAYO:<\/p>\n<p>&#8211;\u00a0\u00a0\u00a0\u00a0\u00a0\u00a0\u00a0\u00a0\u00a0 Del 17 al 21 Turno de Ex\u00e1menes (un llamado sin suspensi\u00f3n de actividades)<\/p>\n<p>&#8211;\u00a0\u00a0\u00a0\u00a0\u00a0\u00a0\u00a0\u00a0\u00a0 23 Acto Aniversario del IES N\u00b0 1 y Acto de Colaci\u00f3n de Egresados 2020- 2021.<\/p>\n<p>MES DE JUNIO:<\/p>\n<p>&#8211;<\/p>\n<p>MES DE JULIO:<\/p>\n<p>&#8211;\u00a0\u00a0\u00a0\u00a0\u00a0\u00a0\u00a0\u00a0\u00a0 12 al 16 periodo de evaluaciones y finalizaci\u00f3n del primer cuatrimestre.<\/p>\n<p>&#8211;\u00a0\u00a0\u00a0\u00a0\u00a0\u00a0\u00a0\u00a0\u00a0 Del 19 al 30 Receso Escolar de Invierno.<\/p>\n<p>MES DE AGOSTO:<\/p>\n<p>&#8211;\u00a0\u00a0\u00a0\u00a0\u00a0\u00a0\u00a0\u00a0\u00a0 Del 02 al 13 de agosto Ex\u00e1menes turno Julio-Agosto.<\/p>\n<p>-04 y 05 inscripciones para espacios curriculares del segundo cuatrimestre<\/p>\n<p>&#8211;\u00a0 \u00a0 \u00a0 \u00a0 \u00a0 09 Inicio del 2do. Cuatrimestre.<\/p>\n<p>MES DE SETIEMBRE:<\/p>\n<p>&#8211;\u00a0\u00a0\u00a0\u00a0\u00a0\u00a0\u00a0\u00a0\u00a0 01 Inscripciones a Ex\u00e1menes turno Setiembre.<\/p>\n<p>&#8211;\u00a0\u00a0\u00a0\u00a0\u00a0\u00a0\u00a0\u00a0\u00a0 Del 06 al 10 Turno de Ex\u00e1menes (un llamada sin suspensi\u00f3n de actividades \u00e1ulicas).<\/p>\n<p>&#8211;\u00a0\u00a0\u00a0\u00a0\u00a0\u00a0\u00a0\u00a0\u00a0 17 D\u00eda del Profesor.<\/p>\n<p>&#8211;\u00a0\u00a0\u00a0\u00a0\u00a0\u00a0\u00a0\u00a0\u00a0 21 D\u00eda del Estudiante.<\/p>\n<p>MES DE OCTUBRE:<\/p>\n<p>&#8211;\u00a0\u00a0\u00a0\u00a0\u00a0\u00a0\u00a0\u00a0\u00a0 Del 02 al 13 Per\u00edodo de Inscripci\u00f3n de aspirantes mayores de 25 a\u00f1os (Resoluci\u00f3n 114-SE-2002) a ingresar a los Institutos de Educaci\u00f3n Superior, sin estudios completos de Educaci\u00f3n Secundaria.<\/p>\n<p>MES DE NOVIEMBRE:<\/p>\n<p>&#8211;\u00a0 \u00a0 \u00a0 \u00a0 \u00a024 al 30 cierre de evaluaciones para finalizaci\u00f3n del segundo cuatrimestre<\/p>\n<p>MES DE DICIEMBRE:<\/p>\n<p>&#8211;\u00a0 \u00a0 \u00a0 \u00a0 \u00a0 03 finalizaci\u00f3n del segundo cuatrismtre<\/p>\n<p>-Del 06 al 30 Ex\u00e1menes Turno Diciembre.<\/p>\n<p>&#8211;\u00a0 \u00a0 \u00a0 \u00a0 \u00a0 31 Finalizaci\u00f3n del Per\u00edodo Escolar 2020.<\/p>\n<p style=\"text-align: center;\"><a title=\"Calendario Acad\u00e9mico 2017\" href=\"upload\/CALENDARIO_ACADEMICO_2017.pdf\" target=\"_blank\" rel=\"noopener\">Descargar PDF<\/a><\/p>\n","protected":false},"excerpt":{"rendered":"<p>Calendario Acad\u00e9mico 2024\u00a0 \u00a0 Organizaci\u00f3n de los cuatrimestres Cuatrimestre Desde-Hasta Cantidad de d\u00edas 1er. Cuatrimestre 05 de abril al 16 de julio 71 d\u00edas 2do. Cuatrimestre 09 de agosto al 03 de diciembre 79 d\u00edas MES DE MARZO 2021: -del 01 al 23: Mesas de ex\u00e1menes ordinarios &#8211; 15 al 31: Presentaci\u00f3n de solicitudes de &#8230; <a title=\"Calendario acad\u00e9mico 2024\" class=\"read-more\" href=\"https:\/\/ies1-juj.infd.edu.ar\/sitio\/calendario-academico-2020\/\" aria-label=\"More on Calendario acad\u00e9mico 2024\">[+]<\/a><\/p>\n","protected":false},"author":99,"featured_media":0,"parent":0,"menu_order":0,"comment_status":"closed","ping_status":"closed","template":"","meta":[],"acf":[],"_links":{"self":[{"href":"https:\/\/ies1-juj.infd.edu.ar\/sitio\/wp-json\/wp\/v2\/pages\/820"}],"collection":[{"href":"https:\/\/ies1-juj.infd.edu.ar\/sitio\/wp-json\/wp\/v2\/pages"}],"about":[{"href":"https:\/\/ies1-juj.infd.edu.ar\/sitio\/wp-json\/wp\/v2\/types\/page"}],"author":[{"embeddable":true,"href":"https:\/\/ies1-juj.infd.edu.ar\/sitio\/wp-json\/wp\/v2\/users\/99"}],"replies":[{"embeddable":true,"href":"https:\/\/ies1-juj.infd.edu.ar\/sitio\/wp-json\/wp\/v2\/comments?post=820"}],"version-history":[{"count":5,"href":"https:\/\/ies1-juj.infd.edu.ar\/sitio\/wp-json\/wp\/v2\/pages\/820\/revisions"}],"predecessor-version":[{"id":1429,"href":"https:\/\/ies1-juj.infd.edu.ar\/sitio\/wp-json\/wp\/v2\/pages\/820\/revisions\/1429"}],"wp:attachment":[{"href":"https:\/\/ies1-juj.infd.edu.ar\/sitio\/wp-json\/wp\/v2\/media?parent=820"}],"curies":[{"name":"wp","href":"https:\/\/api.w.org\/{rel}","templated":true}]}}