{"id":818,"date":"2018-08-30T19:24:25","date_gmt":"2018-08-30T22:24:25","guid":{"rendered":"https:\/\/ies1-juj.infd.edu.ar\/sitio\/requisitos-de-ingreso\/"},"modified":"2024-02-05T16:14:07","modified_gmt":"2024-02-05T19:14:07","slug":"ingreso-2021","status":"publish","type":"page","link":"https:\/\/ies1-juj.infd.edu.ar\/sitio\/ingreso-2021\/","title":{"rendered":"Ingresos 2024"},"content":{"rendered":"<p>PREINSCRIPCIONES PARA INGRESANTES A PRIMER A\u00d1O QUE NO LO HICIERON EN DICIEMBRE: DEL 16 AL 21 DE FEBRERO DE 2024<\/p>\n<p>DESARROLLO DEL CURSO DE NIVELACI\u00d3N E INGRESO: DEL 22 DE FEBRERO AL 15 DE MARZO<\/p>\n<p>EX\u00c1MENES DE INGRESO DEL 18 AL 20 DE MARZO<\/p>\n<p>INSCRIPCI\u00d3N DEFINITIVA DE LOS INGRESANTES QUE APROBARON LOS EX\u00c1MENES DE INGRESO: DEL 20 AL 22 DE MARZO<\/p>\n<p>INICIO DE CLASES: 25\u00a0 DE MARZO DE 2024<\/p>\n<h3><a href=\"https:\/\/ies1-juj.infd.edu.ar\/sitio\/wp-content\/uploads\/2020\/02\/REGIMEN_ACADEMICO_PROVINCIAL_21.pdf\">Material de Lectura obligatoria para todas las carreras: Regimen_Acad\u00e9mico_Provincial_(anexo \u00fanico)<\/a><\/h3>\n<p><a href=\"https:\/\/ies1-juj.infd.edu.ar\/sitio\/wp-content\/uploads\/2021\/02\/1762-1082-81-20-REGIMEN-ACADEMICO-EXTRAORDINARIO.pdf\">1762 1082-81-20 REGIMEN ACADEMICO EXTRAORDINARIO<\/a><\/p>\n<p>EN EL SIGUIENTE ENLACE DE GOOGLE DRIVE ENOCNTRAR\u00c1N LOS ARCHVIOS DE LAS CARTILLAS DE LAS DIFERENTES CARRERAS (las carreras que no cuentan con las cartillas se subir\u00e1n a la brevedad)<\/p>\n<p>https:\/\/drive.google.com\/drive\/folders\/1Ef_64ipLIFV5TZSeyHfVRCSuw8kbgCCj?usp=drive_link<\/p>\n<ul>\n<li><\/li>\n<\/ul>\n<h3><\/h3>\n<p>Material de lectura para todos los profesorados <a href=\"https:\/\/ies1-juj.infd.edu.ar\/sitio\/wp-content\/uploads\/2021\/02\/03-Eje-Ser-Estudiante-Maquetado-en-el-aula-virtual.docx-12021.pdf\">03 &#8211; Eje Ser Estudiante Maquetado en el aula virtual.docx (1)2021<\/a>\u00a0 \u00a0&#8211;\u00a0 \u00a0<a href=\"https:\/\/ies1-juj.infd.edu.ar\/sitio\/wp-content\/uploads\/2021\/02\/04-Eje-Ser-docente-Maquetado-tm-en-aula-virtual.docx-12021.pdf\">04 -Eje Ser docente Maquetado tm en aula virtual.docx (1)202<\/a><\/p>\n<div class=\"o9v6fnle cxmmr5t8 oygrvhab hcukyx3x c1et5uql ii04i59q\"><\/div>\n<div class=\"o9v6fnle cxmmr5t8 oygrvhab hcukyx3x c1et5uql ii04i59q\"><\/div>\n<div class=\"o9v6fnle cxmmr5t8 oygrvhab hcukyx3x c1et5uql ii04i59q\">\n<div dir=\"auto\"><\/div>\n<\/div>\n<h2>REQUISITOS PARA LA INSCRIPCI\u00d3N DEFINITIVA LUEGO DE APROBAR EL INGRESO:<\/h2>\n<p>Ficha personal de ingreso ( se publicar\u00e1 en esta misma p\u00e1gina)<\/p>\n<p>Fotocopia legalizada de testimonio\u00a0 de nacimiento.<\/p>\n<p>Fotocopia del t\u00edtulo\u00a0 autenticado de nivel secundario, o constancia de t\u00edtulo en tr\u00e1mite.<\/p>\n<p>Fotocopia\u00a0 de DNI &#8211; CUIL<\/p>\n<p>Planilla Prontuarial<\/p>\n<p>Dos fotograf\u00edas 4X4 actualizadas.<\/p>\n<p>Ficha m\u00e9dica o carnet sanitario de Hospital P\u00fablico o Ministerio de Bienestar Social.<\/p>\n<p>Carpeta de legajo<\/p>\n<p>Aporte de Matriculaci\u00f3n .<\/p>\n<p>Evaluaci\u00f3n Nivelatoria de Competencias B\u00e1sicas.<\/p>\n<p>Estudios m\u00e9dicos complementarios (para Profesorado de Educaci\u00f3n F\u00edsica).<\/p>\n","protected":false},"excerpt":{"rendered":"<p>PREINSCRIPCIONES PARA INGRESANTES A PRIMER A\u00d1O QUE NO LO HICIERON EN DICIEMBRE: DEL 16 AL 21 DE FEBRERO DE 2024 DESARROLLO DEL CURSO DE NIVELACI\u00d3N E INGRESO: DEL 22 DE FEBRERO AL 15 DE MARZO EX\u00c1MENES DE INGRESO DEL 18 AL 20 DE MARZO INSCRIPCI\u00d3N DEFINITIVA DE LOS INGRESANTES QUE APROBARON LOS EX\u00c1MENES DE INGRESO: &#8230; <a title=\"Ingresos 2024\" class=\"read-more\" href=\"https:\/\/ies1-juj.infd.edu.ar\/sitio\/ingreso-2021\/\" aria-label=\"More on Ingresos 2024\">[+]<\/a><\/p>\n","protected":false},"author":99,"featured_media":0,"parent":0,"menu_order":0,"comment_status":"closed","ping_status":"closed","template":"","meta":[],"acf":[],"_links":{"self":[{"href":"https:\/\/ies1-juj.infd.edu.ar\/sitio\/wp-json\/wp\/v2\/pages\/818"}],"collection":[{"href":"https:\/\/ies1-juj.infd.edu.ar\/sitio\/wp-json\/wp\/v2\/pages"}],"about":[{"href":"https:\/\/ies1-juj.infd.edu.ar\/sitio\/wp-json\/wp\/v2\/types\/page"}],"author":[{"embeddable":true,"href":"https:\/\/ies1-juj.infd.edu.ar\/sitio\/wp-json\/wp\/v2\/users\/99"}],"replies":[{"embeddable":true,"href":"https:\/\/ies1-juj.infd.edu.ar\/sitio\/wp-json\/wp\/v2\/comments?post=818"}],"version-history":[{"count":34,"href":"https:\/\/ies1-juj.infd.edu.ar\/sitio\/wp-json\/wp\/v2\/pages\/818\/revisions"}],"predecessor-version":[{"id":1421,"href":"https:\/\/ies1-juj.infd.edu.ar\/sitio\/wp-json\/wp\/v2\/pages\/818\/revisions\/1421"}],"wp:attachment":[{"href":"https:\/\/ies1-juj.infd.edu.ar\/sitio\/wp-json\/wp\/v2\/media?parent=818"}],"curies":[{"name":"wp","href":"https:\/\/api.w.org\/{rel}","templated":true}]}}