{"id":816,"date":"2019-12-30T19:24:25","date_gmt":"2019-12-30T22:24:25","guid":{"rendered":"https:\/\/ies1-juj.infd.edu.ar\/sitio\/carreras-2016\/"},"modified":"2024-02-04T09:45:21","modified_gmt":"2024-02-04T12:45:21","slug":"carreras-2021","status":"publish","type":"page","link":"https:\/\/ies1-juj.infd.edu.ar\/sitio\/carreras-2021\/","title":{"rendered":"Carreras 2024"},"content":{"rendered":"<p>DISE\u00d1OS CURRICULARES DE PROFESORADOS\u00a0 PLAN\u00a0 2020<a href=\"https:\/\/drive.google.com\/drive\/folders\/1IinFFqTEDNgYhsRWi0QKBCZw_ZQuBfuz?usp=sharing\">https:\/\/drive.google.com\/drive\/folders\/1IinFFqTEDNgYhsRWi0QKBCZw_ZQuBfuz?usp=sharing<\/a><\/p>\n<p><strong>SEDE\u00a0 LA\u00a0 QUIACA<\/strong>:<\/p>\n<p>1- Profesorado de Educaci\u00f3n Secundaria en Matem\u00e1tica <a href=\"https:\/\/ies1-juj.infd.edu.ar\/sitio\/wp-content\/uploads\/2020\/04\/13957-MATEMATICA-SEC-607x1000.jpg\">Estructura curricular<\/a><\/p>\n<p>2- Profesorado de Educaci\u00f3n Secundaria en Biolog\u00eda <a href=\"https:\/\/ies1-juj.infd.edu.ar\/sitio\/wp-content\/uploads\/2020\/04\/13948-BIOLOGIA-607x1000.jpg\">Estructura Curricular<\/a><\/p>\n<p>3- Profesorado de Educaci\u00f3n F\u00edsica <a href=\"https:\/\/ies1-juj.infd.edu.ar\/sitio\/wp-content\/uploads\/2020\/04\/Educaci\u00f3n-F\u00edsica.docx\">Estructura curricular<\/a><\/p>\n<p>4- Profesorado de Educaci\u00f3n Primaria con Orientaci\u00f3n en <a href=\"https:\/\/ies1-juj.infd.edu.ar\/sitio\/wp-content\/uploads\/2020\/04\/o-en-Ed-Rural.pdf\">Educaci\u00f3n Rural<\/a><\/p>\n<p>5- Profesorado de Ingl\u00e9s <a href=\"https:\/\/ies1-juj.infd.edu.ar\/sitio\/wp-content\/uploads\/2020\/04\/13942-INGLES-607x1000.jpg\">Estructura Curricular<\/a><\/p>\n<p>6- Tecnicaturas Superior en Acompa\u00f1amiento Terap\u00e9utico Integral <a href=\"https:\/\/ies1-juj.infd.edu.ar\/sitio\/wp-content\/uploads\/2023\/01\/PLAN-DE-ESTUDIOS-ATI.docx\">PLAN DE ESTUDIOS ATI<\/a>\u00a0 No se dicta primer a\u00f1o en 2024<\/p>\n<p>7- Tecnicatura Superior en Asistencia odontol\u00f3gica y Promotor de la Salud Bucodental.<a href=\"https:\/\/ies1-juj.infd.edu.ar\/sitio\/wp-content\/uploads\/2021\/12\/DC-Asistente-Odontologico.pdf\">https:\/\/ies1-juj.infd.edu.ar\/sitio\/wp-content\/uploads\/2021\/12\/DC-Asistente-Odontologico.pdf <\/a><\/p>\n<p>8- Tecnicatura Superior en Higiene y Seguridad en el Trabajo\u00a0\u00a0<a href=\"https:\/\/ies1-juj.infd.edu.ar\/sitio\/wp-content\/uploads\/2023\/01\/PLAN-DE-ESTUDIOS-TECNICATURA-SUPERIOR-EN-HIGIENE-Y-SEGURIDAD-EN-EL-TRABAJO-2023.docx\">PLAN DE ESTUDIOS TECNICATURA SUPERIOR EN HIGIENE Y SEGURIDAD EN EL TRABAJO 2023<\/a><\/p>\n<p><strong>SEDE ABRA PAMPA<\/strong>:<\/p>\n<p>1- Profesorado de Educaci\u00f3n Secundaria en Lengua y Literatura <a href=\"https:\/\/ies1-juj.infd.edu.ar\/sitio\/wp-content\/uploads\/2020\/04\/13959-LENGUA-Y-LIT-SEC-607x1000.jpg\">Estructura curricular<\/a><\/p>\n<p>2- Profesorado de Educaci\u00f3n Tecnol\u00f3gica <a href=\"https:\/\/ies1-juj.infd.edu.ar\/sitio\/wp-content\/uploads\/2020\/04\/13960-E-TECNOLOGICA-607x1000.jpg\">Estructura curricular<\/a><\/p>\n<p>3- Profesorado de Educaci\u00f3n Especial con Orientaci\u00f3n en Sordos e Hipoac\u00fasicos <a href=\"https:\/\/ies1-juj.infd.edu.ar\/sitio\/wp-content\/uploads\/2020\/04\/Est.-Educaci\u00f3n-Especial-con-Orientaci\u00f3n-en-Sordos-e-Hipoac\u00fasicos.pdf\">Estructura curricular<\/a><\/p>\n<p>4- Profesorado de Educaci\u00f3n Secundaria en <a href=\"https:\/\/ies1-juj.infd.edu.ar\/sitio\/wp-content\/uploads\/2020\/04\/13973-SOCIOLOGIA-607x1000.jpg\">Sociolog\u00eda<\/a><\/p>\n<p>5- Tecnicatura Superior en Laboratorio de An\u00e1lisis Agropecuario \u00a0\u00a0<a href=\"https:\/\/ies1-juj.infd.edu.ar\/sitio\/wp-content\/uploads\/2023\/01\/Plan-de-Estudios-Tec-en-Laboratorio-Analisis-Agropecuario.docx\">http:\/\/Plan-de-Estudios-Tec-en-Laboratorio-Analisis-Agropecuario<\/a><\/p>\n<p>6-\u00a0 Enfermer\u00eda Profesional\u00a0 <a href=\"https:\/\/ies1-juj.infd.edu.ar\/sitio\/wp-content\/uploads\/2023\/01\/PLAN-DE-ESTUDIOS-ENFERMERIA-PROFESIONAL.docx\">PLAN DE ESTUDIOS ENFERMER\u00cdA PROFESIONAL<\/a><\/p>\n<p>7- Tecnicatura Superior en Ciencia de Datos e Inteligencia Artificial\u00a0<a href=\"https:\/\/drive.google.com\/drive\/u\/4\/folders\/1qbPttG3Y8DUu7rcRLcrIdYToc9yU4Qvg\">https:\/\/drive.google.com\/drive\/u\/4\/folders\/1qbPttG3Y8DUu7rcRLcrIdYToc9yU4Qvg<\/a><\/p>\n<p>\u00a0Tecnicatura Superior en Energ\u00eda Solar con Orientaci\u00f3n en Mantenimiento en Sistemas Fotovoltaicos <a href=\"https:\/\/ies1-juj.infd.edu.ar\/sitio\/wp-content\/uploads\/2020\/12\/Tec-Energia-Solar-Sist-Fotovoltaicos.pdf\">Tec Energia Solar Sist Fotovoltaicos\u00a0 ( en proceso de cierre)<\/a><\/p>\n<p>\u00a0Tecnicatura Superior en Agente Sanitario y Promotor de la Salud <a href=\"https:\/\/ies1-juj.infd.edu.ar\/sitio\/wp-content\/uploads\/2020\/12\/Estr.-Agente-Sanitario-y-Promotor-de-la-Salud.docx\">Estr. Agente Sanitario y Promotor de la Salud\u00a0 \u00a0(en proceso de cierre)<\/a><\/p>\n<p>\u00a0<\/p>\n<p>Pre Inscripciones para ingresar a primer a\u00f1o\u00a0 a carreras de Formaci\u00f3n Docente y T\u00e9cnica , del 16 al 20 de febrero de 2024<\/p>\n<p>Inscripciones definitivas a carreras de Formaci\u00f3n T\u00e9cnica, febrero de 2024<\/p>\n<p>Al completar el formulario de inscripci\u00f3n se registra autom\u00e1ticamente, no presenta ninguna documentaci\u00f3n. El cursillo de nivelaci\u00f3n se desarrollar\u00e1 desde el 22 de\u00a0 \u00a0febrero hasta el 15 de\u00a0 marzo 2024.<\/p>\n<p>Luego del cursillo de nivelaci\u00f3n y haber aprobado el examen de\u00a0 ingreso, en el mes de marzo,\u00a0 deber\u00e1 presentar\u00a0 \u00a0la siguiente documentaci\u00f3n para su inscripci\u00f3n definitiva del 20 al 22 de marzo:<\/p>\n<p>-Fotocopia autenticada de T\u00edtulo del secundario o constancia de finalizaci\u00f3n del nivel secundario.<\/p>\n<p>-Fotocopia del DNI \/ CUIL<\/p>\n<p>-Testimonio de nacimiento<\/p>\n<p>-Planilla prontuarial expedido por la polic\u00eda de la provincia.<\/p>\n<p>-Certificado de salud<\/p>\n<p>-Fotograf\u00eda tipo carnet (2)<\/p>\n<p>-Ficha de inscripci\u00f3n que ser\u00e1 publicado en esta misma p\u00e1gina.<\/p>\n<p>Toda la documentaci\u00f3n debe ser presentada en carpeta archivadora color verde.<\/p>\n<p>Para el Profesorado de Educaci\u00f3n F\u00edsica debe adjuntar ficha de aptitud f\u00edsica para la carrera.\u00a0<\/p>\n\n\n<div class=\"wp-block-file\"><a id=\"wp-block-file--media-4a064782-c56d-4369-ba61-3f64189ff7ae\" href=\"https:\/\/ies1-juj.infd.edu.ar\/sitio\/wp-content\/uploads\/2023\/01\/Plan-de-Estudios-Tec-en-Laboratorio-Analisis-Agropecuario.docx\">Plan-de-Estudios-Tec-en-Laboratorio-Analisis-Agropecuario<\/a><a href=\"https:\/\/ies1-juj.infd.edu.ar\/sitio\/wp-content\/uploads\/2023\/01\/Plan-de-Estudios-Tec-en-Laboratorio-Analisis-Agropecuario.docx\" class=\"wp-block-file__button wp-element-button\" download aria-describedby=\"wp-block-file--media-4a064782-c56d-4369-ba61-3f64189ff7ae\"><\/a><\/div>\n\n\n","protected":false},"excerpt":{"rendered":"<p>DISE\u00d1OS CURRICULARES DE PROFESORADOS\u00a0 PLAN\u00a0 2020https:\/\/drive.google.com\/drive\/folders\/1IinFFqTEDNgYhsRWi0QKBCZw_ZQuBfuz?usp=sharing SEDE\u00a0 LA\u00a0 QUIACA: 1- Profesorado de Educaci\u00f3n Secundaria en Matem\u00e1tica Estructura curricular 2- Profesorado de Educaci\u00f3n Secundaria en Biolog\u00eda Estructura Curricular 3- Profesorado de Educaci\u00f3n F\u00edsica Estructura curricular 4- Profesorado de Educaci\u00f3n Primaria con Orientaci\u00f3n en Educaci\u00f3n Rural 5- Profesorado de Ingl\u00e9s Estructura Curricular 6- Tecnicaturas Superior en Acompa\u00f1amiento &#8230; <a title=\"Carreras 2024\" class=\"read-more\" href=\"https:\/\/ies1-juj.infd.edu.ar\/sitio\/carreras-2021\/\" aria-label=\"More on Carreras 2024\">[+]<\/a><\/p>\n","protected":false},"author":99,"featured_media":0,"parent":0,"menu_order":0,"comment_status":"closed","ping_status":"closed","template":"","meta":[],"acf":[],"_links":{"self":[{"href":"https:\/\/ies1-juj.infd.edu.ar\/sitio\/wp-json\/wp\/v2\/pages\/816"}],"collection":[{"href":"https:\/\/ies1-juj.infd.edu.ar\/sitio\/wp-json\/wp\/v2\/pages"}],"about":[{"href":"https:\/\/ies1-juj.infd.edu.ar\/sitio\/wp-json\/wp\/v2\/types\/page"}],"author":[{"embeddable":true,"href":"https:\/\/ies1-juj.infd.edu.ar\/sitio\/wp-json\/wp\/v2\/users\/99"}],"replies":[{"embeddable":true,"href":"https:\/\/ies1-juj.infd.edu.ar\/sitio\/wp-json\/wp\/v2\/comments?post=816"}],"version-history":[{"count":26,"href":"https:\/\/ies1-juj.infd.edu.ar\/sitio\/wp-json\/wp\/v2\/pages\/816\/revisions"}],"predecessor-version":[{"id":1419,"href":"https:\/\/ies1-juj.infd.edu.ar\/sitio\/wp-json\/wp\/v2\/pages\/816\/revisions\/1419"}],"wp:attachment":[{"href":"https:\/\/ies1-juj.infd.edu.ar\/sitio\/wp-json\/wp\/v2\/media?parent=816"}],"curies":[{"name":"wp","href":"https:\/\/api.w.org\/{rel}","templated":true}]}}