{"id":809,"date":"2018-08-30T19:24:20","date_gmt":"2018-08-30T22:24:20","guid":{"rendered":"https:\/\/ies1-juj.infd.edu.ar\/sitio\/informacion-para-alumnos\/"},"modified":"2023-01-23T11:10:59","modified_gmt":"2023-01-23T14:10:59","slug":"informacion-para-alumnos","status":"publish","type":"page","link":"https:\/\/ies1-juj.infd.edu.ar\/sitio\/informacion-para-alumnos\/","title":{"rendered":"Informaci\u00f3n para alumnos"},"content":{"rendered":"<p><span style=\"font-size: 10pt; font-family: verdana,geneva;\">En esta p\u00e1gina se publica informaci\u00f3n con normativas de inter\u00e9s para los\u00a0alumnos\u00a0<\/span><\/p>\n<p><strong>CALENDARIO DE EX\u00c1MENES 2023<\/strong><\/p>\n<p>Resoluciones de sistema de <a href=\"https:\/\/areaeducacion-my.sharepoint.com\/:f:\/g\/personal\/rectories1_team_jujuy_edu_ar\/EgFQh7AMGbpOnS573wBLJR0BA_A4yK6TsvEACXaQ__mtig?e=fHkr9T\">acreditaciones y correlatividades<\/a> de profesorados<\/p>\n<p><a href=\"https:\/\/areaeducacion-my.sharepoint.com\/:f:\/g\/personal\/rectories1_team_jujuy_edu_ar\/EtO-di-bvTxDh7kp2NIxRQ4B7xoMQNxV9VlZuOgWf-5vPA?e=eUECa9\">Dise\u00f1os Curriculares<\/a>\u00a0 Planes 2020<\/p>\n<p>SOLICITUD DE EQUIVALENCIAS :\u00a0 Los estudiantes que cursaron una carrera anteriormente y tienen materias aprobadas, al cambiarse a otra carrera pueden solicitar equivalencias que reconozcan la acreditaci\u00f3n de los espacios curriculares. Deben completar el siguiente formulario de <a href=\"https:\/\/forms.gle\/K25u1Qvy4CnkojdE8\">solicitud de equivalencias<\/a><\/p>\n<p>Luego deben imprimir el formulario que les llegar\u00e1 a su correo y presentar en el Instituto de Educaci\u00f3n Superior N\u00b0 1, en la sede correspondiente,\u00a0 \u00a0adjuntar copia de t\u00edtulo anal\u00edtico y en caso de provenir de otra instituci\u00f3n, adjuntar copia de programas de las materias aprobadas y solicita equivalencia. Si no recibe el formulario en su correo acompa\u00f1a con nota redactada y con los datos completados en el formulario.<\/p>\n<p>SOLICITUD DE ASIMILACI\u00d3N: Los estudiantes que cursan una carrera y desean continuar en la misma carrera\u00a0 incorpor\u00e1ndose al nuevo Plan de Estudios iniciado en 2020, pueden solicitar su asimilaci\u00f3n para que se les reconozca las materias aprobadas. Completar el siguiente <a href=\"https:\/\/forms.gle\/GcGrRPuj2jAUrbNu7\">formulario de asimilaci\u00f3n<\/a> y luego presentar en el IES N\u00b0 1, en\u00a0 Secretar\u00eda Acad\u00e9mica el formulario acompa\u00f1ado del certificado anal\u00edtico.<\/p>\n<ul>\n<li>\n<h3><a href=\"https:\/\/docs.google.com\/forms\/d\/e\/1FAIpQLSdY7bGnQhqNfE9WEI6tZzQ7j-S0hL07esqTQdiqCYOLRasyww\/viewform?usp=sf_link\">Solicitud de Certificado Anal\u00edtico<\/a><\/h3>\n<\/li>\n<li>&#8211; Deben completar el formulario correspondiente. Consignar correctamente el correo electr\u00f3nico.\u00a0 Luego comunicarse con el preceptor de la carrera y con secretar\u00eda administrativa para verificar el avance del tr\u00e1mite. Si tienen un certificado anal\u00edtico anterior enviar por mail una copia escaneada o una foto por Whatsapp al preceptor o secretaria.<\/li>\n<\/ul>\n<h3>ACREDITACI\u00d3N DE ESPACIOS CURRICULARES DESARROLLADOS DE MODO VIRTUAL\u00a0 Resoluci\u00f3n N\u00b0\u00a0\u00a0<a href=\"https:\/\/ies1-juj.infd.edu.ar\/sitio\/wp-content\/uploads\/2020\/07\/1762-1082-81-20-REGIMEN-ACADEMICO-EXTRAORDINARIO.pdf\">1762 1082-81-20 REGIMEN ACADEMICO EXTRAORDINARIO<\/a><\/h3>\n<ul>\n<li>Se dar\u00e1 por validado todas las actividades desarrolladas de manera remota, virtual, en el tiempo de aislamiento social sanitario.<\/li>\n<li>Todas las unidades curriculares de las carreras de Formaci\u00f3n Docente y de Formaci\u00f3n T\u00e9cnica podr\u00e1n ser acreditadas ( aprobadas) de forma promocional o regularizar, seg\u00fan sistema de acreditaci\u00f3n de cada espacio y carrera.<\/li>\n<li>Para promocionar deben aprobar el 60 % de Trabajos Pr\u00e1cticos con una nota m\u00ednima de 4 ( cuatro) y Un trabajo final integrador aprobado con nota m\u00ednima de 7 (siete)<\/li>\n<li>Para regularizar el espacio deben lograr un 40 % de Trabajos Pr\u00e1cticos con una nota m\u00ednima de 4 (cuatro) y un trabajo integrador aprobado con 4 (cuatro)<\/li>\n<\/ul>\n<ul>\n<li>\n<h3><span style=\"font-size: 10pt; font-family: verdana,geneva;\">Condiciones de regularidad <a href=\"https:\/\/ies1-juj.infd.edu.ar\/sitio\/wp-content\/uploads\/2020\/03\/REGIMEN_ACADEMICO_PROVINCIAL_21.pdf\">REGIMEN_ACADEMICO_PROVINCIAL_ (RAP)<\/a><\/span><\/h3>\n<\/li>\n<\/ul>\n<ul>\n<li>\n<h3>Solicitud de <a href=\"https:\/\/docs.google.com\/forms\/d\/e\/1FAIpQLScLpHrtmb8C5za3RLo7HvDspEyMEl7ogUF4r9z-_-Gchjx_dw\/viewform?usp=sf_link\">constancia de alumno regular<\/a> en formato digital, (Completar los datos completos y registrar correctamente el correo electr\u00f3nico porque la constancia ser\u00e1 enviada a la direcci\u00f3n consignada)<\/h3>\n<\/li>\n<li><span style=\"font-size: 10pt; font-family: verdana,geneva;\">Proceso de cierre de los Planes de Estudio 2015 &#8211; 2019 Resoluci\u00f3n\u00a0\u00a0<a href=\"https:\/\/ies1-juj.infd.edu.ar\/sitio\/wp-content\/uploads\/2020\/03\/811-1082-595-19-CADUCIDAD-DE-LOS-EFECTOS-ACADEMICOS-DE-LOS-DISE\u00d1OS-PARA-LA-FORMACION-DOCENTE-INICIAL-IMPLEMENTADOS-EN-LOS-IES.-19.pdf\">811 1082-595-19 CADUCIDAD DE LOS EFECTOS ACADEMICOS DE LOS DISE\u00d1OS PARA LA FORMACION DOCENTE INICIAL IMPLEMENTADOS EN LOS IES.-19<\/a><\/span><\/li>\n<li><\/li>\n<li>Los estudiantes que deseen realizar asimilaciones a los nuevos Planes de Estudio 2020, pueden solicitarlo completando\u00a0 el siguiente formulario y tambi\u00e9n enviar nota formal al correo electr\u00f3nico institutodeeducacionsuperior1@gmail.com<\/li>\n<li>Formulario de Asimilaciones<\/li>\n<li><\/li>\n<li>Los estudiantes que se cambian de carrera o inician una nueva carrera luego de haber cursado otra carrera anterior, pueden solicitar equivalencia a trav\u00e9s de nota enviada por correo electr\u00f3nico a\u00a0 institutodeeducacionsuperior1@gmail.com\u00a0 \u00a0y completando el siguiente\u00a0 formulario.<\/li>\n<li>Formulario de Equivalencias<\/li>\n<li><span style=\"font-size: 10pt; font-family: verdana,geneva;\">Inscripciones a Becas de Pueblos Originarios <a href=\"https:\/\/ies1-juj.infd.edu.ar\/sitio\/wp-content\/uploads\/2020\/04\/Becas-Pueblos-Originarios-carta-autoreconocimiento.docx\">Becas Pueblos Originarios carta autoreconocimiento<\/a><\/span><\/li>\n<li><\/li>\n<li><span style=\"font-family: arial,helvetica,sans-serif;\"><span style=\"font-size: 10pt;\"><span style=\"font-family: verdana,geneva;\">Reglamento org\u00e1nico, etc.<\/span><\/span><\/span><\/li>\n<li><\/li>\n<li><strong><span style=\"font-family: arial,helvetica,sans-serif;\"><span style=\"font-size: 10pt;\"><span style=\"text-decoration: underline;\"><a href=\"https:\/\/ies1-juj.infd.edu.ar\/sitio\/carreras-2020\/\">Planes de Estudios 2020<\/a>\u00a0<\/span><\/span><\/span><\/strong><\/li>\n<\/ul>\n","protected":false},"excerpt":{"rendered":"<p>En esta p\u00e1gina se publica informaci\u00f3n con normativas de inter\u00e9s para los\u00a0alumnos\u00a0 CALENDARIO DE EX\u00c1MENES 2023 Resoluciones de sistema de acreditaciones y correlatividades de profesorados Dise\u00f1os Curriculares\u00a0 Planes 2020 SOLICITUD DE EQUIVALENCIAS :\u00a0 Los estudiantes que cursaron una carrera anteriormente y tienen materias aprobadas, al cambiarse a otra carrera pueden solicitar equivalencias que reconozcan la &#8230; <a title=\"Informaci\u00f3n para alumnos\" class=\"read-more\" href=\"https:\/\/ies1-juj.infd.edu.ar\/sitio\/informacion-para-alumnos\/\" aria-label=\"More on Informaci\u00f3n para alumnos\">[+]<\/a><\/p>\n","protected":false},"author":99,"featured_media":0,"parent":0,"menu_order":0,"comment_status":"closed","ping_status":"closed","template":"","meta":[],"acf":[],"_links":{"self":[{"href":"https:\/\/ies1-juj.infd.edu.ar\/sitio\/wp-json\/wp\/v2\/pages\/809"}],"collection":[{"href":"https:\/\/ies1-juj.infd.edu.ar\/sitio\/wp-json\/wp\/v2\/pages"}],"about":[{"href":"https:\/\/ies1-juj.infd.edu.ar\/sitio\/wp-json\/wp\/v2\/types\/page"}],"author":[{"embeddable":true,"href":"https:\/\/ies1-juj.infd.edu.ar\/sitio\/wp-json\/wp\/v2\/users\/99"}],"replies":[{"embeddable":true,"href":"https:\/\/ies1-juj.infd.edu.ar\/sitio\/wp-json\/wp\/v2\/comments?post=809"}],"version-history":[{"count":42,"href":"https:\/\/ies1-juj.infd.edu.ar\/sitio\/wp-json\/wp\/v2\/pages\/809\/revisions"}],"predecessor-version":[{"id":1388,"href":"https:\/\/ies1-juj.infd.edu.ar\/sitio\/wp-json\/wp\/v2\/pages\/809\/revisions\/1388"}],"wp:attachment":[{"href":"https:\/\/ies1-juj.infd.edu.ar\/sitio\/wp-json\/wp\/v2\/media?parent=809"}],"curies":[{"name":"wp","href":"https:\/\/api.w.org\/{rel}","templated":true}]}}