{"id":286,"date":"2016-10-31T13:17:59","date_gmt":"2016-10-31T16:17:59","guid":{"rendered":"https:\/\/ies1-juj.infd.edu.ar\/sitio\/?page_id=286"},"modified":"2025-11-28T02:19:50","modified_gmt":"2025-11-28T05:19:50","slug":"inicio","status":"publish","type":"page","link":"https:\/\/ies1-juj.infd.edu.ar\/sitio\/","title":{"rendered":"Inicio"},"content":{"rendered":"<div id=\"metaslider-id-403\" style=\"width: 100%;\" class=\"ml-slider-3-33-0 metaslider metaslider-flex metaslider-403 ml-slider ms-theme-default\" role=\"region\" aria-roledescription=\"Slideshow\" aria-label=\"Slideshow\">\n    <div id=\"metaslider_container_403\">\n        <div id=\"metaslider_403\" class=\"flexslider\">\n            <ul aria-live=\"polite\" class=\"slides\">\n                <li style=\"display: block; width: 100%;\" class=\"slide-607 ms-image\" aria-roledescription=\"slide\" aria-label=\"slide-607\"><a href=\"https:\/\/mapa.infd.edu.ar\/\" target=\"_blank\"><img src=\"https:\/\/ies1-juj.infd.edu.ar\/sitio\/wp-content\/uploads\/2018\/06\/mapa_infd6-1100x200.png\" height=\"200\" width=\"1100\" alt=\"\" class=\"slider-403 slide-607\" title=\"mapa_infd6\" \/><\/a><\/li>\n                <li style=\"display: none; width: 100%;\" class=\"slide-609 ms-image\" aria-roledescription=\"slide\" aria-label=\"slide-609\"><a href=\"https:\/\/www.argentina.gob.ar\/educacion\/becas\" target=\"_blank\"><img src=\"https:\/\/ies1-juj.infd.edu.ar\/sitio\/wp-content\/uploads\/2018\/06\/becas7-1100x200.png\" height=\"200\" width=\"1100\" alt=\"\" class=\"slider-403 slide-609\" title=\"becas7\" \/><\/a><\/li>\n                <li style=\"display: none; width: 100%;\" class=\"slide-635 ms-image\" aria-roledescription=\"slide\" aria-label=\"slide-635\"><a href=\"https:\/\/www.argentina.gob.ar\/tema\/estudiar\/formacion-docencia\" target=\"_blank\"><img src=\"https:\/\/ies1-juj.infd.edu.ar\/sitio\/wp-content\/uploads\/2018\/06\/convocatorias_slide6-1-1100x200.png\" height=\"200\" width=\"1100\" alt=\"\" class=\"slider-403 slide-635\" title=\"convocatorias_slide6-1\" \/><\/a><\/li>\n            <\/ul>\n        <\/div>\n        \n    <\/div>\n<\/div>\n<p><img decoding=\"async\" loading=\"lazy\" class=\"alignnone  wp-image-1454\" src=\"https:\/\/ies1-juj.infd.edu.ar\/sitio\/wp-content\/uploads\/2024\/03\/ies-AP-1000x750.jpg\" alt=\"\" width=\"361\" height=\"271\" srcset=\"https:\/\/ies1-juj.infd.edu.ar\/sitio\/wp-content\/uploads\/2024\/03\/ies-AP-1000x750.jpg 1000w, https:\/\/ies1-juj.infd.edu.ar\/sitio\/wp-content\/uploads\/2024\/03\/ies-AP-768x576.jpg 768w, https:\/\/ies1-juj.infd.edu.ar\/sitio\/wp-content\/uploads\/2024\/03\/ies-AP-1536x1152.jpg 1536w, https:\/\/ies1-juj.infd.edu.ar\/sitio\/wp-content\/uploads\/2024\/03\/ies-AP.jpg 1600w\" sizes=\"(max-width: 361px) 100vw, 361px\" \/><img decoding=\"async\" loading=\"lazy\" class=\"\" src=\"https:\/\/scontent.fjuj1-1.fna.fbcdn.net\/v\/t39.30808-6\/480805030_1095038525759019_257219125473947711_n.jpg?_nc_cat=108&amp;ccb=1-7&amp;_nc_sid=833d8c&amp;_nc_ohc=tDvrk2II8jIQ7kNvwFX3FGS&amp;_nc_oc=AdkX4jxK3Wgx98gBsGYCAmBXxNKJlbhiEqKjc96W8RPcTp-Nqoeh-eLFhCoVw3dOaLY&amp;_nc_zt=23&amp;_nc_ht=scontent.fjuj1-1.fna&amp;_nc_gid=eEQFgr_M7AHtFzUfmuGCCA&amp;oh=00_AfhvpYOpITs5zRkLDUB3KLuCx_y6E8q3w8ogcriaKNnwSg&amp;oe=692EF134\" alt=\"No hay ninguna descripci\u00f3n de la foto disponible.\" width=\"393\" height=\"295\" \/><\/p>\n<table style=\"width: 100%;\" border=\"0\">\n<tbody>\n<tr>\n<td style=\"text-align: center;\" colspan=\"3\">\n<h4>\u00a1TE ACOMPA\u00d1AMOS EN TU PROYECTO DE VIDA!&#8230;<\/h4>\n<p><strong>ANIMATE A ESTUDIAR EN TU LUGAR&#8230;<\/strong><\/p>\n<p><strong>LA QUIACA &#8211; ABRA PAMPA<\/strong><\/td>\n<\/tr>\n<tr>\n<td style=\"text-align: center;\" colspan=\"3\"><\/td>\n<\/tr>\n<tr>\n<td colspan=\"3\"><\/td>\n<\/tr>\n<tr>\n<td width=\"50%\">\n<h3 style=\"text-align: center;\"><strong>Localizaci\u00f3n La Quiaca\u00a0<\/strong><\/h3>\n<\/td>\n<td colspan=\"2\" width=\"50%\">\n<h3 style=\"margin-top: 0px; margin-bottom: 0px; padding-bottom: 0px; text-align: center;\"><strong>Localizaci\u00f3n Abra Pampa<\/strong><\/h3>\n<\/td>\n<\/tr>\n<tr>\n<td width=\"50%\">\n<div style=\"text-align: center;\"><img decoding=\"async\" loading=\"lazy\" class=\"alignnone  wp-image-1423\" src=\"https:\/\/ies1-juj.infd.edu.ar\/sitio\/wp-content\/uploads\/2024\/02\/424754493_843252674270940_8629344418678847967_n-748x1000.jpg\" alt=\"\" width=\"147\" height=\"197\" srcset=\"https:\/\/ies1-juj.infd.edu.ar\/sitio\/wp-content\/uploads\/2024\/02\/424754493_843252674270940_8629344418678847967_n-748x1000.jpg 748w, https:\/\/ies1-juj.infd.edu.ar\/sitio\/wp-content\/uploads\/2024\/02\/424754493_843252674270940_8629344418678847967_n-1421x1900.jpg 1421w, https:\/\/ies1-juj.infd.edu.ar\/sitio\/wp-content\/uploads\/2024\/02\/424754493_843252674270940_8629344418678847967_n-768x1027.jpg 768w, https:\/\/ies1-juj.infd.edu.ar\/sitio\/wp-content\/uploads\/2024\/02\/424754493_843252674270940_8629344418678847967_n-1149x1536.jpg 1149w, https:\/\/ies1-juj.infd.edu.ar\/sitio\/wp-content\/uploads\/2024\/02\/424754493_843252674270940_8629344418678847967_n.jpg 1532w\" sizes=\"(max-width: 147px) 100vw, 147px\" \/><\/div>\n<\/td>\n<td colspan=\"2\" width=\"50%\">\n<div style=\"text-align: center;\"><img decoding=\"async\" loading=\"lazy\" src=\"https:\/\/ies1-juj.infd.edu.ar\/sitio\/wp-content\/uploads\/2018\/08\/2dHKJV6MQPWnVimagen_incrustada2.png\" width=\"262\" height=\"175\" border=\"0\" \/><\/div>\n<\/td>\n<\/tr>\n<tr>\n<td style=\"text-align: center;\" width=\"50%\">\n<h3><span style=\"color: #339966;\"><em><span style=\"font-family: arial,helvetica,sans-serif;\"><strong>Calle Dolores de Arrieguez esq. Oratorio, Barrio Jerusal\u00e9n <\/strong><\/span><\/em><\/span><\/h3>\n<\/td>\n<td colspan=\"2\" width=\"50%\">\n<h3 style=\"margin-top: 0px; margin-bottom: 0px; padding-bottom: 0px; text-align: center;\"><\/h3>\n<h3 style=\"margin-top: 0px; margin-bottom: 0px; padding-bottom: 0px; text-align: center;\"><span style=\"color: #339966;\"><em><span style=\"font-family: arial,helvetica,sans-serif;\">Sede Escuela Normal\u00a0<\/span><\/em><\/span><\/h3>\n<h3 style=\"margin-top: 0px; margin-bottom: 0px; padding-bottom: 0px; text-align: center;\"><span style=\"color: #339966;\"><em><span style=\"font-family: arial,helvetica,sans-serif;\"> \u00abSargento Juan Bautista Cabral\u00bb<\/span><\/em><\/span><\/h3>\n<\/td>\n<\/tr>\n<tr>\n<td colspan=\"3\">\n<h2><a href=\"https:\/\/ies1-juj.infd.edu.ar\/sitio\/carreras-2021\/\"><span style=\"color: #339966;\"><strong>OFERTA\u00a0 ACAD\u00c9MICA\u00a0 \u00a02024<\/strong><\/span><\/a><\/h2>\n<p>(Carreras, Planes de Estudio, Dise\u00f1os Curriculares)<\/td>\n<\/tr>\n<tr>\n<td colspan=\"3\">\n<h2><a href=\"https:\/\/ies1-juj.infd.edu.ar\/sitio\/informacion-para-alumnos\/\"><strong>INFORMACI\u00d3N ESTUDIANTES<\/strong><\/a><\/h2>\n<p>(Equivalencias &#8211; asimilaciones &#8211; constancias- convocatorias &#8211; ex\u00e1menes &#8211; alumno regular &#8211; planes de estudio &#8211; resoluciones)<\/td>\n<\/tr>\n<tr>\n<td colspan=\"2\">\n<h2>INSCRIPCIONES 2024<\/h2>\n<p><strong>INFORMACI\u00d3N DE CRONOGRAMA DE INSCRIPCIONES<\/strong><\/p>\n<p><strong>\u00a0INSCRIPCIONES A MESAS DE EXAMENES DEL 16 AL 20 DE FEBRERO<\/strong><\/p>\n<p><strong>INSCRIPCIONES EN EL INSTITUTO DE EDUCACI\u00d3N SUPERIOR N\u00b0 1 <\/strong><\/p>\n<p><strong>LAS INSCRIPCIONES SE REALIZAN DE MODO PRESENCIAL EN LA INSTITUCI\u00d3N\u00a0<\/strong><\/p>\n<p>LUNES 25 DE MARZO INICIO DE CLASES<\/p>\n<h2><a href=\"https:\/\/ies1-juj.infd.edu.ar\/sitio\/ingreso-2021\/\"><span style=\"color: #339966;\">INGRESOS\u00a0 2024\u00a0<\/span><\/a><\/h2>\n<p>EN EL SIGUIENTE LINK PUEDEN INGRESAR PARA ACCEDER A LAS CARTILLAS DE INGRESO 2024.<\/p>\n<p><a href=\"https:\/\/drive.google.com\/drive\/folders\/1Ef_64ipLIFV5TZSeyHfVRCSuw8kbgCCj?usp=drive_link\">https:\/\/drive.google.com\/drive\/folders\/1Ef_64ipLIFV5TZSeyHfVRCSuw8kbgCCj?usp=drive_link<\/a><\/p>\n<p>LA CARTILLA DE COMPRENSI\u00d3N DE TEXTOS ES PARA TODAS LAS CARRERAS.<\/td>\n<td width=\"25%\">\n<ul>\n<li>\u00a1ATENCI\u00d3N!\u00a0 LOS CURSOS DE INGRESO EN SEDE LA QUIACA INICIA EL 22 DE FEBRERO EN EL NUEVO EDIFICIO.<\/li>\n<li>EN SEDE ABRA PAMPA INICIAR\u00c1 EN LA MISMA FECHA<\/li>\n<li>Los interesados que no pudieron registrar su preinscripci\u00f3n en el mes de diciembre podr\u00e1n hacerlo en febrero del 16 al 20.<\/li>\n<li>Los cursos de ingreso se realizar\u00e1n del 22 de febrero al 15 de marzo<\/li>\n<li>Ex\u00e1menes de ingreso 18 al 20 de marzo<\/li>\n<\/ul>\n<\/td>\n<\/tr>\n<tr>\n<td colspan=\"3\">\n<h2><a href=\"https:\/\/ies1-juj.infd.edu.ar\/sitio\/informacion-docentes\/\">INFORMACI\u00d3N DOCENTES\u00a0<\/a><\/h2>\n<\/td>\n<\/tr>\n<tr>\n<td colspan=\"3\">LLAMADOS ORDINARIOS Y EXTRAORDINARIOS DE CARRERAS DE FORMACI\u00d3N DOCENTE Y FORMACI\u00d3N T\u00c9CNICA 2024<\/p>\n<div class=\"xdj266r x11i5rnm xat24cr x1mh8g0r x1vvkbs x126k92a\">\n<div dir=\"auto\">\u00a1ATENCI\u00d3N DOCENTES!<\/div>\n<\/div>\n<div class=\"x11i5rnm xat24cr x1mh8g0r x1vvkbs xtlvy1s x126k92a\">\n<div dir=\"auto\">EL INSTITUTO DE EDUCACI\u00d3N SUPERIOR N\u00b0 1 INFORMA QUE SE ENCUENTRAN ABIERTAS LAS INSCRIPCIONES PARA CUBRIR UNIDADES Y ESPACIOS CURRICULARES EN SEDE LA QUIACA Y ABRA PAMPA.<\/div>\n<div dir=\"auto\">PUEDEN ACCEDER A TRAVES DE LOS SIGUIENTES LINKS PARA INSCRIPCI\u00d3N Y MAYOR INFORMACI\u00d3N<\/div>\n<\/div>\n<div class=\"x11i5rnm xat24cr x1mh8g0r x1vvkbs xtlvy1s x126k92a\"><\/div>\n<p><a href=\"https:\/\/drive.google.com\/file\/d\/1brHiLOgfcHrxTmUqK3074rqJSTQmpCf-\/view?usp=sharing\">https:\/\/drive.google.com\/file\/d\/1brHiLOgfcHrxTmUqK3074rqJSTQmpCf-\/view?usp=sharing<\/a><\/td>\n<\/tr>\n<tr>\n<td colspan=\"3\"><\/td>\n<\/tr>\n<tr>\n<td colspan=\"2\"><\/td>\n<td>NORMATIVA Y FORMULARIOS PARA CREACI\u00d3N DE LEGAJOS LLAMADO EXTRAORDINARIO <a href=\"https:\/\/ies1-juj.infd.edu.ar\/sitio\/wp-content\/uploads\/2022\/09\/SALA-SUPERIOR.LEGAJO-INSCRIPCION-EXTRAORDINARIA-2022-1.pdf\">SALA SUPERIOR.LEGAJO INSCRIPCION EXTRAORDINARIA 2022 (1)<\/a><\/p>\n<p><a href=\"https:\/\/ies1-juj.infd.edu.ar\/sitio\/wp-content\/uploads\/2022\/09\/Ficha-de-datos-Creacion-de-legajos-2022_100-1-1.pdf\">Ficha-de-datos-Creaci\u00f3n-de-legajos-2022_100-1 (1)<\/a><\/p>\n<p><a href=\"https:\/\/ies1-juj.infd.edu.ar\/sitio\/wp-content\/uploads\/2022\/09\/Formulario-de-Inscripcion-Llamado-extraordinario-Docentes-que-no-poseen-legajo-en-Junta-1.pdf\">Formulario de Inscripci\u00f3n Llamado extraordinario (Docentes que no poseen legajo en Junta) (1)<\/a> <a href=\"https:\/\/ies1-juj.infd.edu.ar\/sitio\/wp-content\/uploads\/2022\/09\/Formulario-de-Inscripcion-Llamado-extraordinario-Docentes-que-ya-poseen-legajo-en-Junta.pdf\">Formulario de Inscripci\u00f3n Llamado extraordinario (Docentes que ya poseen legajo en Junta)<\/a><\/td>\n<\/tr>\n<tr>\n<td colspan=\"3\">\n<h2><\/h2>\n<\/td>\n<\/tr>\n<tr>\n<td colspan=\"3\"><\/td>\n<\/tr>\n<tr>\n<td colspan=\"3\">\n<h2><\/h2>\n<\/td>\n<\/tr>\n<tr>\n<td colspan=\"2\"><\/td>\n<td><\/td>\n<\/tr>\n<tr>\n<td colspan=\"3\"><\/td>\n<\/tr>\n<\/tbody>\n<tbody>\n<tr>\n<td style=\"border: 1px solid;\" valign=\"top\"><span style=\"font-size: 10pt; color: black; font-family: Verdana;\">E<\/span><span style=\"font-size: 10pt; color: black; font-family: Verdana;\">ste Instituto Superior de Formaci\u00f3n Docente forma parte del sistema de educaci\u00f3n p\u00fablica de gesti\u00f3n estatal.<\/span> <span style=\"font-size: 10pt; color: black; font-family: Verdana;\">A trav\u00e9s de este sitio en Internet, nuestro Instituto podr\u00e1 comunicar novedades, acercar informaci\u00f3n, compartir experiencias y brindar apoyo y asesoramiento a\u00a0alumnos, docentes e interesados en formar parte de esta comunidad educativa.<\/span> <span style=\"font-size: 14pt; color: black; font-family: Verdana;\"><img decoding=\"async\" src=\"https:\/\/ies1-juj.infd.edu.ar\/sitio\/wp-content\/uploads\/2018\/08\/la_red.jpg\" alt=\"Red virtual\" align=\"left\" border=\"0\" hspace=\"10\" \/><\/span><span style=\"font-size: 10pt; color: black; font-family: Verdana;\">Junto con varios cientos de Institutos, integramos la <strong><em><span style=\"font-family: Verdana;\">Red\u00a0Virtual de Institutos Superiores de Formaci\u00f3n Docente<\/span><\/em><\/strong>\u00a0coordinada por el <strong><span style=\"font-family: Verdana;\">INFD<\/span><\/strong> (Instituto Nacional de Formaci\u00f3n Docente) dependiente del Ministerio de Educaci\u00f3n de la Naci\u00f3n Argentina.<\/span><\/td>\n<\/tr>\n<\/tbody>\n<\/table>\n<p><!--more--> <!--more--><\/p>\n<p><img decoding=\"async\" loading=\"lazy\" class=\"wp-image-1056 alignleft\" src=\"https:\/\/ies1-juj.infd.edu.ar\/sitio\/wp-content\/uploads\/2020\/05\/Prof-Lengua-y-Literatura-500x500.jpg\" alt=\"\" width=\"221\" height=\"221\" \/><img decoding=\"async\" loading=\"lazy\" class=\"wp-image-1057 alignleft\" src=\"https:\/\/ies1-juj.infd.edu.ar\/sitio\/wp-content\/uploads\/2020\/05\/Prof-Sociolog\u00eda-500x500.jpg\" alt=\"\" width=\"235\" height=\"235\" \/><img decoding=\"async\" loading=\"lazy\" class=\"wp-image-1038 alignleft\" src=\"https:\/\/ies1-juj.infd.edu.ar\/sitio\/wp-content\/uploads\/2020\/05\/Prof.-Educaci\u00f3n-F\u00edsica-I-500x500.jpg\" alt=\"\" width=\"275\" height=\"275\" \/><br \/>\n<img decoding=\"async\" loading=\"lazy\" class=\"wp-image-1048 alignleft\" src=\"https:\/\/ies1-juj.infd.edu.ar\/sitio\/wp-content\/uploads\/2020\/05\/64397488_406578239942757_1649428829355114496_n-500x500.jpg\" alt=\"\" width=\"272\" height=\"272\" \/><img decoding=\"async\" loading=\"lazy\" class=\"wp-image-1052 alignleft\" src=\"https:\/\/ies1-juj.infd.edu.ar\/sitio\/wp-content\/uploads\/2020\/05\/Prof-Educaci\u00f3n-Tecnol\u00f3gica-500x500.jpg\" alt=\"\" width=\"269\" height=\"269\" \/><img decoding=\"async\" loading=\"lazy\" class=\"wp-image-1050 alignright\" src=\"https:\/\/ies1-juj.infd.edu.ar\/sitio\/wp-content\/uploads\/2020\/05\/Prof-Matem\u00e1tica-485x500.jpg\" alt=\"\" width=\"200\" height=\"396\" \/><img decoding=\"async\" loading=\"lazy\" class=\"wp-image-1045 alignleft\" src=\"https:\/\/ies1-juj.infd.edu.ar\/sitio\/wp-content\/uploads\/2020\/05\/Prof-Biolog\u00eda-500x500.jpg\" alt=\"\" width=\"274\" height=\"274\" \/><img decoding=\"async\" loading=\"lazy\" class=\"wp-image-1063 alignleft\" src=\"https:\/\/ies1-juj.infd.edu.ar\/sitio\/wp-content\/uploads\/2020\/05\/cocina-regional-500x500.jpg\" alt=\"\" width=\"237\" height=\"237\" \/><img decoding=\"async\" loading=\"lazy\" class=\"wp-image-1053 alignleft\" src=\"https:\/\/ies1-juj.infd.edu.ar\/sitio\/wp-content\/uploads\/2020\/05\/PEP-Rural-500x500.jpg\" alt=\"\" width=\"244\" height=\"244\" \/><\/p>\n<p><a href=\"https:\/\/ies1-juj.infd.edu.ar\/sitio\/wp-content\/uploads\/2021\/05\/XI-CONGRESO-DLL-2021-Primera-circular-aprobado-UNSAM.doc\">XI CONGRESO DLL 2021 Primera circular aprobado UNSAM<\/a><\/p>\n","protected":false},"excerpt":{"rendered":"<p>\u00a1TE ACOMPA\u00d1AMOS EN TU PROYECTO DE VIDA!&#8230; ANIMATE A ESTUDIAR EN TU LUGAR&#8230; LA QUIACA &#8211; ABRA PAMPA Localizaci\u00f3n La Quiaca\u00a0 Localizaci\u00f3n Abra Pampa Calle Dolores de Arrieguez esq. Oratorio, Barrio Jerusal\u00e9n Sede Escuela Normal\u00a0 \u00abSargento Juan Bautista Cabral\u00bb OFERTA\u00a0 ACAD\u00c9MICA\u00a0 \u00a02024 (Carreras, Planes de Estudio, Dise\u00f1os Curriculares) INFORMACI\u00d3N ESTUDIANTES (Equivalencias &#8211; asimilaciones &#8211; constancias- &#8230; <a title=\"Inicio\" class=\"read-more\" href=\"https:\/\/ies1-juj.infd.edu.ar\/sitio\/\" aria-label=\"More on Inicio\">[+]<\/a><\/p>\n","protected":false},"author":1,"featured_media":0,"parent":0,"menu_order":0,"comment_status":"closed","ping_status":"closed","template":"","meta":[],"acf":[],"_links":{"self":[{"href":"https:\/\/ies1-juj.infd.edu.ar\/sitio\/wp-json\/wp\/v2\/pages\/286"}],"collection":[{"href":"https:\/\/ies1-juj.infd.edu.ar\/sitio\/wp-json\/wp\/v2\/pages"}],"about":[{"href":"https:\/\/ies1-juj.infd.edu.ar\/sitio\/wp-json\/wp\/v2\/types\/page"}],"author":[{"embeddable":true,"href":"https:\/\/ies1-juj.infd.edu.ar\/sitio\/wp-json\/wp\/v2\/users\/1"}],"replies":[{"embeddable":true,"href":"https:\/\/ies1-juj.infd.edu.ar\/sitio\/wp-json\/wp\/v2\/comments?post=286"}],"version-history":[{"count":236,"href":"https:\/\/ies1-juj.infd.edu.ar\/sitio\/wp-json\/wp\/v2\/pages\/286\/revisions"}],"predecessor-version":[{"id":1492,"href":"https:\/\/ies1-juj.infd.edu.ar\/sitio\/wp-json\/wp\/v2\/pages\/286\/revisions\/1492"}],"wp:attachment":[{"href":"https:\/\/ies1-juj.infd.edu.ar\/sitio\/wp-json\/wp\/v2\/media?parent=286"}],"curies":[{"name":"wp","href":"https:\/\/api.w.org\/{rel}","templated":true}]}}